{"id":7,"date":"2021-09-07T09:59:08","date_gmt":"2021-09-07T16:59:08","guid":{"rendered":"https:\/\/poppoffinc.com\/?page_id=7"},"modified":"2025-12-18T07:48:48","modified_gmt":"2025-12-18T15:48:48","slug":"home","status":"publish","type":"page","link":"https:\/\/poppoffinc.com\/es\/","title":{"rendered":"Hogar"},"content":{"rendered":"<h1><!--\n\t-->L\u00edderes en<!--\t-->Bordillo de nivelaci\u00f3n de hormig\u00f3n con inclinaci\u00f3n<!--\n\t-->\n\t<\/h1>\n\t<p>Poppoff Inc. es el principal contratista de hormig\u00f3n del noroeste del Pac\u00edfico.<\/p>\n<h2>\n\t\t\tLlave en mano. Confiable. Comprobado.\t<\/h2>\n\t<p>Somos una empresa contratista de concreto integral que no realiza trabajos est\u00e1ndar. Ya sea que se trate de colocar y terminar superficies planas o de paneles prefabricados para grandes obras industriales, ofrecemos soluciones creativas y artesan\u00eda de precisi\u00f3n, desde la cimentaci\u00f3n hasta los postes de cercas.<\/p>\n<h2>\n\t\t\tServicios y experiencia\t<\/h2>\n\t\t\t\t<img decoding=\"async\" src=\"https:\/\/poppoffinc.com\/wp-content\/uploads\/2025\/11\/home-flatwork-2025.webp\" alt=\"Concrete laser screed machine\"\/>\n\t\t\t<h3>Trabajos de explanaci\u00f3n de hormig\u00f3n<\/h3>\n\t\t\t\t<p>Somos expertos en pavimentos de hormig\u00f3n: hemos colocado y terminado miles de metros de hormig\u00f3n para proyectos tan peque\u00f1os como losas residenciales o grandes campus comerciales. Cuando se trata de nivelaci\u00f3n, precisi\u00f3n y durabilidad, somos insuperables.<a>Explorar servicio \u2192<\/a><\/p>\n\t\t<a href=\"https:\/\/poppoffinc.com\/es\/services\/concrete-flatwork\/\" target=\"_self\"  aria-label=\"Vaya a https:\/\/poppoffinc.com\/services\/concrete-flatwork\/\"><\/a>\n\t\t\t\t<img decoding=\"async\" src=\"https:\/\/poppoffinc.com\/wp-content\/uploads\/2025\/11\/home-pumping-2025.webp\" alt=\"Concrete pump during flatwork job\"\/>\n\t\t\t<h3>Bombeo de Concreto<\/h3>\n\t\t\t\t<p>Con una flota de bombas de concreto propias, podemos realizar el vertido de concreto para nuestros propios proyectos, as\u00ed como alquilar nuestro equipo a contratistas. Si necesita una bomba de concreto para su pr\u00f3ximo proyecto, \u00a1cont\u00e1ctenos!<a>Explorar servicio \u2192<\/a><\/p>\n\t\t<a href=\"https:\/\/poppoffinc.com\/es\/services\/concrete-pumping\/\" target=\"_self\"  aria-label=\"Vaya a https:\/\/poppoffinc.com\/services\/concrete-pumping\/\"><\/a>\n\t\t\t\t<img decoding=\"async\" src=\"https:\/\/poppoffinc.com\/wp-content\/uploads\/2025\/11\/home-tiltup-2025.webp\" alt=\"Tilt-up construction crane lifting concrete wall panels\"\/>\n\t\t\t<h3>Construcci\u00f3n Tilt-Up<\/h3>\n\t\t\t\t<p>Cuando se trata del dise\u00f1o y encofrado de losas de hormig\u00f3n, nuestro equipo puede formar y colocar paneles de inclinaci\u00f3n de cualquier tama\u00f1o, independientemente del tama\u00f1o o la ubicaci\u00f3n. Hemos completado paneles basculantes para clientes industriales y de distribuci\u00f3n en el noroeste del Pac\u00edfico.<a>Explorar servicio \u2192<\/a><\/p>\n\t\t<a href=\"https:\/\/poppoffinc.com\/es\/services\/tilt-up-construction\/\" target=\"_self\"  aria-label=\"Vaya a https:\/\/poppoffinc.com\/services\/tilt-up-construction\/\"><\/a>\n\t\t\t\t<img decoding=\"async\" src=\"https:\/\/poppoffinc.com\/wp-content\/uploads\/2025\/11\/home-turnkey-concrete-2025.webp\" alt=\"Overhead view of concrete truck pouring concrete into forms with steel rebar\"\/>\n\t\t\t<h3>Servicios de hormig\u00f3n llave en mano<\/h3>\n\t\t\t\t<p>Somos el \u00fanico contratista en la regi\u00f3n equipado para manejar todo el sitio, interior y exterior, entregando verdaderas soluciones de concreto llave en mano de principio a fin.<a>Explorar servicio \u2192<\/a><\/p>\n\t\t<a href=\"https:\/\/poppoffinc.com\/es\/services\/turnkey-concrete-services\/\" target=\"_self\"  aria-label=\"Vaya a https:\/\/poppoffinc.com\/services\/turnkey-concrete-services\/\"><\/a>\n\t\t\t\t<img decoding=\"async\" src=\"https:\/\/poppoffinc.com\/wp-content\/uploads\/2025\/11\/home-curbing-2025.webp\" alt=\"Concrete curb machine\"\/>\n\t\t\t<h3>Bordillos y trabajos especializados<\/h3>\n\t\t\t\t<p>Ya sea que se trate de bordillos, encofrados personalizados o detalles intrincados del sitio, combinamos equipos avanzados, incluidas m\u00e1quinas de bordillos de precisi\u00f3n, con resoluci\u00f3n creativa de problemas para ejecutar lo que otros no pueden.<a>Explorar servicio \u2192<\/a><\/p>\n\t\t<a href=\"https:\/\/poppoffinc.com\/es\/services\/curbing-specialty-work\/\" target=\"_self\"  aria-label=\"Vaya a https:\/\/poppoffinc.com\/services\/curbing-specialty-work\/\"><\/a>\n\t<p>Sirviendo a Washington, Idaho, Oregon y m\u00e1s all\u00e1 desde 1977<\/p>\n\t\t\t<a href=\"https:\/\/poppoffinc.com\/es\/about\/\" target=\"_self\">\n\t\t\t\t\t\t\tSobre nosotros\n\t\t\t\t\t<\/a>\n<h2>\n\t\t\tViajamos bien.\t<\/h2>\n\t<p>No nos limitamos al noroeste del Pac\u00edfico; hemos trabajado en 23 estados y 7 pa\u00edses en una amplia gama de proyectos de acabados y consultor\u00eda en lugares remotos. Hemos trabajado en proyectos incre\u00edbles, desde 150 pies cuadrados hasta 1,5 millones de pies cuadrados; ning\u00fan proyecto es demasiado grande ni demasiado peque\u00f1o.<\/p>\n\t\t\t<a href=\"https:\/\/poppoffinc.com\/es\/projects\/\" target=\"_self\">\n\t\t\t\t\t\t\tVer proyectos\n\t\t\t\t\t<\/a>\n\t\t\t\t<img decoding=\"async\" src=\"https:\/\/poppoffinc.com\/wp-content\/uploads\/2021\/09\/icon-stars.svg\" alt=\"5 Stars\" itemprop=\"image\" height=\"16\" width=\"140\" title=\"icono-estrellas\" onerror=\"this.style.display='none'\" loading=\"lazy\" \/>\n\t\t\t<blockquote><p>\u201cEl conocimiento y la experiencia de Poppoff son inigualables en la industria del hormig\u00f3n. A lo largo del proyecto, su atenci\u00f3n al detalle y, sobre todo, su compromiso con la seguridad fueron muy bien recibidos y reconocidos. Fue muy f\u00e1cil trabajar con todos los miembros del equipo, desde el oficial hasta el gerente de proyecto.\u201d<\/p><\/blockquote>\u2013 Aaron Blonquist, Contratistas Generales de Desert Peak, LLC\t\t\n\t\t\t<blockquote><p>\u201cPoppoff ha sido uno de los mejores subcontratistas con los que hemos trabajado, y eso es mucho decir, ya que contamos con un grupo muy unido de subcontratistas. Si alguna vez volvemos a la zona este, nos asociaremos con Poppoff, ya que no hay nadie m\u00e1s con quien preferir\u00edamos trabajar.\u201d<\/p><\/blockquote>\u2013 Derek Groth, Foush\u00e9e and Associates Company, Inc.\t\t\n\t\t\t<blockquote><p>\u201cPoppoff ha demostrado ser el experto en colocaci\u00f3n y acabado de concreto en todo el centro de Washington, y se esfuerza no solo por ser el mejor en lo que hace, sino que siempre busca las mejores maneras de mejorar a\u00fan m\u00e1s su producto.\u201d<\/p><\/blockquote>\u2013 Sam Meyers, Construcci\u00f3n de Systems West\t\t\n\t\t\t<blockquote><p>\u201cHa sido fant\u00e1stico trabajar con Poppoff Inc. Tienen uno de los mejores equipos con los que hemos trabajado, y los vertidos fueron f\u00e1ciles y sin complicaciones. Todos en su equipo fueron profesionales y nos facilitaron el trabajo.\u201d<\/p><\/blockquote>\u2013 Reed S. Palmer, Noroeste del r\u00edo Knife\t\t\n\t\t\t<blockquote>\n<p>\u201cDisfrutamos trabajando con el equipo de Poppoff en nuestro proyecto en McCain foods en Othello, WA. Poppoff ha intensificado cada vez que los necesitamos durante este proyecto tan largo. La dedicaci\u00f3n de la tripulaci\u00f3n se demuestra en la forma en que se enfrentan a nuestros cambios interminables y a las dificultades &quot;.<\/p>\n<\/blockquote>\n<p>- John Bradley, Fisher Construction Group<\/p>\n\t\t\t<blockquote>\n<p>\u201cMe gustar\u00eda felicitar a Poppoff, Inc. por el excelente trabajo de concreto que brindaron en nuestras instalaciones en Pasco, WA. El trabajo se complet\u00f3 a tiempo, dentro del presupuesto y con alta calidad. Fueron fundamentales para ayudar en las especificaciones de dise\u00f1o que nos permitieron lograr ahorros sustanciales con respecto a las ofertas &quot;.<\/p>\n<\/blockquote>\n<p>- Joseph Lorson, Autozone<\/p>\n\t\t\t<blockquote>\n<p>\u201cEl conocimiento de Matt fue invaluable durante el dise\u00f1o de la losa y Baker est\u00e1 extremadamente feliz con el producto final. Tambi\u00e9n nos sorprendi\u00f3 gratamente que sus precios fueran competitivos y que trabajaran bien con el subcontratista local que hac\u00eda el resto del hormig\u00f3n de construcci\u00f3n &quot;.<\/p>\n<\/blockquote>\n<p>- Lucas Holmquist, Baker Construction &amp; Development, Inc.<\/p>\n\t\t\t<a href=\"https:\/\/poppoffinc.com\/es\/services\/testimonials\/\" target=\"_self\">\n\t\t\t\t\t\t\tM\u00e1s testimonios\n\t\t\t\t\t<\/a>\n<h2>\n\t\t\tSomos de confianza por:\t<\/h2>\n<h2>\n\t\t\tConcreto: el trabajo m\u00e1s duro que jam\u00e1s amar\u00e1\t<\/h2>\n\t<p>Estamos ampliando nuestra tripulaci\u00f3n y queremos que se una a nosotros. El hormig\u00f3n no es para todos, pero si le encanta ensuciarse las manos y la satisfacci\u00f3n de un trabajo bien hecho, nos encantar\u00eda saber de usted. Ya sea que sea un artesano experimentado o que est\u00e9 comenzando, le brindaremos las habilidades, la experiencia y la cultura para llevar su oficio al siguiente nivel.<\/p>\n\t\t\t<a href=\"https:\/\/poppoffinc.com\/es\/careers\/\" target=\"_self\">\n\t\t\t\t\t\t\tUnete a nuestro equipo\n\t\t\t\t\t<\/a>","protected":false},"excerpt":{"rendered":"<p>Leaders InConcreteLevelingTilt-UpCurb Poppoff Inc. is the premier concrete contractor in the Pacific Northwest. Turnkey. Trusted. Proven. We&#8217;re a turnkey concrete contractor that doesn&#8217;t do cookie-cutter work. Whether it&#8217;s place and finish flatwork or tilt-up panels for large-scale industrial sites, we bring creative problem-solving and precision craftsmanship from footings to fenceposts. Services &#038; Expertise Concrete Flatwork [&hellip;]<\/p>\n","protected":false},"author":1,"featured_media":0,"parent":0,"menu_order":14,"comment_status":"closed","ping_status":"closed","template":"","meta":{"_genesis_hide_title":false,"_genesis_hide_breadcrumbs":false,"_genesis_hide_singular_image":false,"_genesis_hide_footer_widgets":false,"_genesis_custom_body_class":"","_genesis_custom_post_class":"","_genesis_layout":"","footnotes":""},"class_list":{"0":"post-7","1":"page","2":"type-page","3":"status-publish","5":"entry"},"_links":{"self":[{"href":"https:\/\/poppoffinc.com\/es\/wp-json\/wp\/v2\/pages\/7","targetHints":{"allow":["GET"]}}],"collection":[{"href":"https:\/\/poppoffinc.com\/es\/wp-json\/wp\/v2\/pages"}],"about":[{"href":"https:\/\/poppoffinc.com\/es\/wp-json\/wp\/v2\/types\/page"}],"author":[{"embeddable":true,"href":"https:\/\/poppoffinc.com\/es\/wp-json\/wp\/v2\/users\/1"}],"replies":[{"embeddable":true,"href":"https:\/\/poppoffinc.com\/es\/wp-json\/wp\/v2\/comments?post=7"}],"version-history":[{"count":5,"href":"https:\/\/poppoffinc.com\/es\/wp-json\/wp\/v2\/pages\/7\/revisions"}],"predecessor-version":[{"id":10613,"href":"https:\/\/poppoffinc.com\/es\/wp-json\/wp\/v2\/pages\/7\/revisions\/10613"}],"wp:attachment":[{"href":"https:\/\/poppoffinc.com\/es\/wp-json\/wp\/v2\/media?parent=7"}],"curies":[{"name":"gracias","href":"https:\/\/api.w.org\/{rel}","templated":true}]}}