{"id":3,"date":"2021-09-07T16:41:23","date_gmt":"2021-09-07T16:41:23","guid":{"rendered":"https:\/\/poppoffinc.com\/?page_id=3"},"modified":"2021-09-23T12:29:26","modified_gmt":"2021-09-23T19:29:26","slug":"privacy-policy","status":"publish","type":"page","link":"https:\/\/poppoffinc.com\/es\/privacy-policy\/","title":{"rendered":"Pol\u00edtica de privacidad"},"content":{"rendered":"<h1>\r\n\t\tPol\u00edtica de privacidad\r\n\t<\/h1>\r\n<h2>Quienes somos<\/h2>\r\n<p>La direcci\u00f3n de nuestro sitio web es: https:\/\/poppoffinc.com.<\/p>\r\n<h2>Pr\u00e1cticas espec\u00edficas de privacidad de datos del sitio web<\/h2>\r\n<p>Cuando visite nuestro sitio web, recopilaremos cierta informaci\u00f3n sobre su visita. Esto incluye estad\u00edsticas recopiladas por nuestros servidores web a trav\u00e9s de &quot;archivos de registro&quot;. Estas estad\u00edsticas incluyen un registro de las p\u00e1ginas web que solicit\u00f3 su navegador, archivos que se descargaron, entradas de formularios que se enviaron y otros datos espec\u00edficos de su visita.<\/p>\r\n<p>Cuando visita nuestro sitio, recopilamos estad\u00edsticas an\u00f3nimas para monitorear nuestros servicios y mejorar nuestro sitio web. Utilizamos cookies de Google Analytics para recopilar informaci\u00f3n sobre su visita, que incluye ubicaci\u00f3n, navegador, dispositivo y fecha y hora de la visita. La informaci\u00f3n almacenada en Google Analytics utiliza una identificaci\u00f3n de cliente generada aleatoriamente y no es identificable personalmente.<\/p>\r\n<p>Utilizamos cookies t\u00e9cnicas que son necesarias para que el sitio web funcione correctamente.<\/p>\r\n<p>Compartiremos su informaci\u00f3n personal internamente con el fin de realizar una transacci\u00f3n solicitada por usted y para administrar negocios. Restringimos el acceso a su informaci\u00f3n personal solo a aquellos empleados que necesitan conocer esa informaci\u00f3n en el curso de sus responsabilidades laborales. Consulte nuestra Pol\u00edtica de privacidad general a continuaci\u00f3n para saber c\u00f3mo podemos divulgar su informaci\u00f3n personal no p\u00fablica a terceros.<\/p>\r\n<p>Nuestro sitio web puede contener enlaces a otros sitios web. No somos responsables de las pr\u00e1cticas de privacidad o el contenido de los sitios web vinculados y lo alentamos a que revise completamente las declaraciones de privacidad y seguridad de esos terceros, ya que pueden diferir de las nuestras.<\/p>\r\n<h3>Formularios en l\u00ednea<\/h3>\r\n<p>Recopilamos la informaci\u00f3n personal que nos proporciona, como el nombre, la direcci\u00f3n y otra informaci\u00f3n cuando env\u00eda un formulario en nuestro sitio web.<\/p>\r\n<h3>Uso de cookies<\/h3>\r\n<h4><strong>Cookies de origen<\/strong><\/h4>\r\nCookies de entrada del usuario para realizar un seguimiento de la entrada del usuario al completar formularios en l\u00ednea, etc., durante la duraci\u00f3n de una sesi\u00f3n;<br \/>\r\nCookies persistentes de identificaci\u00f3n de usuario, para identificar al usuario que visit\u00f3 el sitio web por primera vez;<br \/>\r\nCookies de autenticaci\u00f3n, para identificar al usuario una vez que ha iniciado sesi\u00f3n, durante la duraci\u00f3n de una sesi\u00f3n;<br \/>\r\nCookies de personalizaci\u00f3n de la interfaz de usuario, como la zona horaria y la duraci\u00f3n de una sesi\u00f3n (o un poco m\u00e1s).\r\n<h4><strong>Cookies de terceros<\/strong><\/h4>\r\nCookies de uso compartido de contenido de plug-in social, para miembros registrados de una red social;<br \/>\r\nCookies de Google Analytics para generar datos estad\u00edsticos sobre c\u00f3mo el visitante utiliza el sitio web.\r\n<h4><strong>\u00bfC\u00f3mo los usamos?<\/strong><\/h4>\r\n<p>Donde sea estrictamente necesario. Estas cookies y otras tecnolog\u00edas son esenciales para permitir que los Servicios proporcionen la funci\u00f3n que ha solicitado, como recordar que ha iniciado sesi\u00f3n.<\/p>\r\n<p>Por funcionalidad. Estas cookies y tecnolog\u00edas similares recuerdan las elecciones que realiza, como la informaci\u00f3n de la zona horaria. Usamos estas cookies para brindarle una experiencia m\u00e1s apropiada con sus selecciones y para hacer que su uso de los Servicios sea m\u00e1s personalizado.<\/p>\r\n<p>Para rendimiento y an\u00e1lisis. Estas cookies y tecnolog\u00edas similares recopilan informaci\u00f3n sobre c\u00f3mo los usuarios interact\u00faan con los Servicios y nos permiten mejorar el funcionamiento de los Servicios. Por ejemplo, utilizamos cookies de Google Analytics para ayudarnos a comprender c\u00f3mo los visitantes llegan y navegan por nuestros productos, servicios y sitio web para identificar \u00e1reas de mejora, como la navegaci\u00f3n, la experiencia del usuario y las campa\u00f1as de marketing.<\/p>\r\n<p>Cookies de redes sociales. Estas cookies se utilizan cuando comparte informaci\u00f3n utilizando un bot\u00f3n para compartir en las redes sociales o un bot\u00f3n &quot;Me gusta&quot; en nuestros sitios web o cuando vincula su cuenta o interact\u00faa con nuestro contenido en oa trav\u00e9s de un sitio de redes sociales. La red social registrar\u00e1 que ha hecho esto. Esta informaci\u00f3n puede estar vinculada a actividades de orientaci\u00f3n \/ publicidad en el sitio de redes sociales.<\/p>\r\n<h4>\u00bfC\u00f3mo puede optar por no participar?<\/h4>\r\n<p>Para excluirse de nuestro uso de cookies, puede indicarle a su navegador, cambiando sus opciones, que deje de aceptar cookies o que le avise antes de aceptar una cookie de los sitios web que visita. Sin embargo, si no acepta las cookies, es posible que no pueda utilizar nuestros Servicios.<\/p>\r\n<h4>Actualizaciones de esta Pol\u00edtica de cookies<\/h4>\r\n<p>Esta Pol\u00edtica de cookies puede actualizarse de vez en cuando. Si hacemos alg\u00fan cambio, se lo notificaremos revisando la fecha de \u201cinicio de vigencia\u201d en la parte superior de este aviso.<\/p>\r\n<h3>Contenido incrustado de otros sitios web<\/h3>\r\n<p>Los art\u00edculos de este sitio pueden incluir contenido incrustado (por ejemplo, videos, im\u00e1genes, art\u00edculos, etc.). El contenido incrustado de otros sitios web se comporta exactamente de la misma manera que si el visitante hubiera visitado el otro sitio web.<\/p>\r\n<p>Estos sitios web pueden recopilar datos sobre usted, utilizar cookies, incrustar un seguimiento adicional de terceros y supervisar su interacci\u00f3n con ese contenido incrustado, incluido el seguimiento de su interacci\u00f3n con el contenido incrustado si tiene una cuenta y ha iniciado sesi\u00f3n en ese sitio web.<\/p>\r\n<h2>Que derechos tienes sobre tus datos<\/h2>\r\n<p>Si tiene una cuenta en este sitio o ha dejado comentarios, puede solicitar recibir un archivo exportado de los datos personales que tenemos sobre usted, incluidos los datos que nos haya proporcionado. Tambi\u00e9n puede solicitar que borremos cualquier dato personal que tengamos sobre usted. Esto no incluye ning\u00fan dato que estemos obligados a conservar con fines administrativos, legales o de seguridad.<\/p>\r\n<h2>Nuestro derecho a cambiar esta pol\u00edtica<\/h2>\r\n<p>Esta pol\u00edtica entra en vigencia el 1 de julio de 2021. Podemos cambiar esta pol\u00edtica notific\u00e1ndole por escrito. Si el cambio afectar\u00e1 su capacidad para restringir el intercambio de su informaci\u00f3n personal, le avisaremos con 30 d\u00edas de anticipaci\u00f3n. Si tiene alguna pregunta sobre nuestra Pol\u00edtica de privacidad, env\u00edenos un correo electr\u00f3nico a poppoff@poppoffinc.com.<\/p>","protected":false},"excerpt":{"rendered":"<p>Privacy Policy Who we are Our website address is: https:\/\/poppoffinc.com. Specific Website Data Privacy Practices When you visit our website, we will collect some information about your visit. This includes statistics collected by our Web servers through &#8220;log files&#8221;. These statistics include a record of web pages that your browser requested, files that were downloaded, [&hellip;]<\/p>\n","protected":false},"author":1,"featured_media":0,"parent":0,"menu_order":15,"comment_status":"closed","ping_status":"open","template":"","meta":{"_genesis_hide_title":false,"_genesis_hide_breadcrumbs":false,"_genesis_hide_singular_image":false,"_genesis_hide_footer_widgets":false,"_genesis_custom_body_class":"","_genesis_custom_post_class":"","_genesis_layout":"","footnotes":""},"class_list":{"0":"post-3","1":"page","2":"type-page","3":"status-publish","5":"entry"},"_links":{"self":[{"href":"https:\/\/poppoffinc.com\/es\/wp-json\/wp\/v2\/pages\/3","targetHints":{"allow":["GET"]}}],"collection":[{"href":"https:\/\/poppoffinc.com\/es\/wp-json\/wp\/v2\/pages"}],"about":[{"href":"https:\/\/poppoffinc.com\/es\/wp-json\/wp\/v2\/types\/page"}],"author":[{"embeddable":true,"href":"https:\/\/poppoffinc.com\/es\/wp-json\/wp\/v2\/users\/1"}],"replies":[{"embeddable":true,"href":"https:\/\/poppoffinc.com\/es\/wp-json\/wp\/v2\/comments?post=3"}],"version-history":[{"count":0,"href":"https:\/\/poppoffinc.com\/es\/wp-json\/wp\/v2\/pages\/3\/revisions"}],"wp:attachment":[{"href":"https:\/\/poppoffinc.com\/es\/wp-json\/wp\/v2\/media?parent=3"}],"curies":[{"name":"gracias","href":"https:\/\/api.w.org\/{rel}","templated":true}]}}