{"id":242,"date":"2021-09-20T14:59:43","date_gmt":"2021-09-20T21:59:43","guid":{"rendered":"https:\/\/poppoffinc.com\/?page_id=242"},"modified":"2021-10-13T07:50:03","modified_gmt":"2021-10-13T14:50:03","slug":"application","status":"publish","type":"page","link":"https:\/\/poppoffinc.com\/es\/careers\/application\/","title":{"rendered":"Aplicacion de trabajo"},"content":{"rendered":"\n<h1>\n\t\tJob Application\n\t<\/h1>\n<h2>\n\t\tApply Today\n\t<\/h2>\n\t<p>Poppoff Inc. is the premier concrete contractor in the Pacific Northwest, providing services such as concrete flatwork, concrete pumping, and tilt-up construction. Poppoff Inc. is looking for driven individuals to join our team and we&#8217;re excited to hear from you.<\/p>\n\t<div class=\"frm_forms  with_frm_style frm_center_submit frm_style_formidable-style\" id=\"frm_form_2_container\" >\n<form enctype=\"multipart\/form-data\" method=\"post\" class=\"frm-show-form  frm_ajax_submit  frm_pro_form \" id=\"form_jobapplication\" >\n<div class=\"frm_form_fields \">\n<fieldset>\n<legend class=\"frm_screen_reader\">Job Application<\/legend>\r\n\r\n<div class=\"frm_fields_container\">\n<input type=\"hidden\" name=\"frm_action\" value=\"create\" \/>\n<input type=\"hidden\" name=\"form_id\" value=\"2\" \/>\n<input type=\"hidden\" name=\"frm_hide_fields_2\" id=\"frm_hide_fields_2\" value=\"\" \/>\n<input type=\"hidden\" name=\"form_key\" value=\"jobapplication\" \/>\n<input type=\"hidden\" name=\"item_meta[0]\" value=\"\" \/>\n<input type=\"hidden\" id=\"frm_submit_entry_2\" name=\"frm_submit_entry_2\" value=\"a9a23f1d60\" \/><input type=\"hidden\" name=\"_wp_http_referer\" value=\"\/es\/wp-json\/wp\/v2\/pages\/242\" \/><div id=\"frm_field_8_container\" class=\"frm_form_field form-field  frm_required_field frm_top_container frm6 frm_first\">\r\n    <label for=\"field_dq5gj\" id=\"field_dq5gj_label\" class=\"frm_primary_label\">First Name\r\n        <span class=\"frm_required\" aria-hidden=\"true\">*<\/span>\r\n    <\/label>\r\n    <input  type=\"text\" id=\"field_dq5gj\" name=\"item_meta[8]\" value=\"\"  data-reqmsg=\"First Name cannot be blank.\" aria-required=\"true\" data-invmsg=\"Text is invalid\" aria-invalid=\"false\"   \/>\r\n    \r\n    \r\n<\/div>\n<div id=\"frm_field_9_container\" class=\"frm_form_field form-field  frm_required_field frm_top_container frm6\">\r\n    <label for=\"field_ij6bx\" id=\"field_ij6bx_label\" class=\"frm_primary_label\">Last Name\r\n        <span class=\"frm_required\" aria-hidden=\"true\">*<\/span>\r\n    <\/label>\r\n    <input  type=\"text\" id=\"field_ij6bx\" name=\"item_meta[9]\" value=\"\"  data-reqmsg=\"Last Name cannot be blank.\" aria-required=\"true\" data-invmsg=\"Text is invalid\" aria-invalid=\"false\"   \/>\r\n    \r\n    \r\n<\/div>\n<div id=\"frm_field_10_container\" class=\"frm_form_field form-field  frm_top_container\">\r\n    <div  id=\"field_sdjjy_label\" class=\"frm_primary_label\">Address\r\n        <span class=\"frm_required\" aria-hidden=\"true\"><\/span>\r\n    <\/div>\r\n    <fieldset aria-labelledby=\"field_sdjjy_label\">\n<legend class=\"frm_screen_reader frm_hidden\">\n\tAddress<\/legend>\n<div class=\"frm_combo_inputs_container\">\n<div id=\"frm_field_10-line1_container\" class=\"frm_form_field form-field \">\n\t<label for=\"field_sdjjy_line1\" class=\"frm_screen_reader frm_hidden\">\n\t\tAddress\t<\/label>\n\t\t<input type=\"text\" id=\"field_sdjjy_line1\" value=\"\" name=\"item_meta[10][line1]\"  data-invmsg=\"Address is invalid\" aria-invalid=\"false\"   autocomplete=\"address-line1\" \/>\n\t<\/div>\n<div id=\"frm_field_10-line2_container\" class=\"frm_form_field form-field \">\n\t<label for=\"field_sdjjy_line2\" class=\"frm_screen_reader frm_hidden\">\n\t\tAddress\t<\/label>\n\t\t<input type=\"text\" id=\"field_sdjjy_line2\" value=\"\" name=\"item_meta[10][line2]\"  data-invmsg=\"Address is invalid\" class=\"frm_optional\" aria-invalid=\"false\"   autocomplete=\"address-line2\" \/>\n\t<\/div>\n<div id=\"frm_field_10-city_container\" class=\"frm_form_field form-field frm_third frm_first\">\n\t<label for=\"field_sdjjy_city\" class=\"frm_screen_reader frm_hidden\">\n\t\tCity\t<\/label>\n\t\t<input type=\"text\" id=\"field_sdjjy_city\" value=\"\" name=\"item_meta[10][city]\"  data-invmsg=\"Address is invalid\" aria-invalid=\"false\"   autocomplete=\"address-level2\" \/>\n\t<div class=\"frm_description\">City<\/div><\/div>\n<div id=\"frm_field_10-state_container\" class=\"frm_form_field form-field frm_third\">\n\t<label for=\"field_sdjjy_state\" class=\"frm_screen_reader frm_hidden\">\n\t\tState\/Province\t<\/label>\n\t\t\t<select name=\"item_meta[10][state]\" id=\"field_sdjjy_state\"  data-invmsg=\"Address is invalid\" aria-invalid=\"false\"   autocomplete=\"address-level1\">\n\t\t\t<option value=\"\" class=\"\">\n\t\t\t\t \t\t\t<\/option>\n\t\t\t<option  value=\"Alabama\">Alabama<\/option><option  value=\"Alaska\">Alaska<\/option><option  value=\"Arkansas\">Arkansas<\/option><option  value=\"Arizona\">Arizona<\/option><option  value=\"California\">California<\/option><option  value=\"Colorado\">Colorado<\/option><option  value=\"Connecticut\">Connecticut<\/option><option  value=\"Delaware\">Delaware<\/option><option  value=\"District of Columbia\">District of Columbia<\/option><option  value=\"Florida\">Florida<\/option><option  value=\"Georgia\">Georgia<\/option><option  value=\"Hawaii\">Hawaii<\/option><option  value=\"Idaho\">Idaho<\/option><option  value=\"Illinois\">Illinois<\/option><option  value=\"Indiana\">Indiana<\/option><option  value=\"Iowa\">Iowa<\/option><option  value=\"Kansas\">Kansas<\/option><option  value=\"Kentucky\">Kentucky<\/option><option  value=\"Louisiana\">Louisiana<\/option><option  value=\"Maine\">Maine<\/option><option  value=\"Maryland\">Maryland<\/option><option  value=\"Massachusetts\">Massachusetts<\/option><option  value=\"Michigan\">Michigan<\/option><option  value=\"Minnesota\">Minnesota<\/option><option  value=\"Mississippi\">Mississippi<\/option><option  value=\"Missouri\">Missouri<\/option><option  value=\"Montana\">Montana<\/option><option  value=\"Nebraska\">Nebraska<\/option><option  value=\"Nevada\">Nevada<\/option><option  value=\"New Hampshire\">New Hampshire<\/option><option  value=\"New Jersey\">New Jersey<\/option><option  value=\"New Mexico\">New Mexico<\/option><option  value=\"New York\">New York<\/option><option  value=\"North Carolina\">North Carolina<\/option><option  value=\"North Dakota\">North Dakota<\/option><option  value=\"Ohio\">Ohio<\/option><option  value=\"Oklahoma\">Oklahoma<\/option><option  value=\"Oregon\">Oregon<\/option><option  value=\"Pennsylvania\">Pennsylvania<\/option><option  value=\"Rhode Island\">Rhode Island<\/option><option  value=\"South Carolina\">South Carolina<\/option><option  value=\"South Dakota\">South Dakota<\/option><option  value=\"Tennessee\">Tennessee<\/option><option  value=\"Texas\">Texas<\/option><option  value=\"Utah\">Utah<\/option><option  value=\"Vermont\">Vermont<\/option><option  value=\"Virginia\">Virginia<\/option><option  value=\"Washington\">Washington<\/option><option  value=\"West Virginia\">West Virginia<\/option><option  value=\"Wisconsin\">Wisconsin<\/option><option  value=\"Wyoming\">Wyoming<\/option>\t\t<\/select>\n\t<div class=\"frm_description\">State\/Province<\/div><\/div>\n<div id=\"frm_field_10-zip_container\" class=\"frm_form_field form-field frm_third\">\n\t<label for=\"field_sdjjy_zip\" class=\"frm_screen_reader frm_hidden\">\n\t\tZip\/Postal\t<\/label>\n\t\t<input type=\"text\" id=\"field_sdjjy_zip\" value=\"\" name=\"item_meta[10][zip]\"  data-invmsg=\"Address is invalid\" aria-invalid=\"false\"   autocomplete=\"postal-code\" \/>\n\t<div class=\"frm_description\">Zip\/Postal<\/div><\/div>\n<\/div>\n<\/fieldset>\n\r\n    \r\n    \r\n<\/div>\n<div id=\"frm_field_11_container\" class=\"frm_form_field form-field  frm_required_field frm_top_container frm6 frm_first\">\r\n    <label for=\"field_wya0x\" id=\"field_wya0x_label\" class=\"frm_primary_label\">Cell Phone Number\r\n        <span class=\"frm_required\" aria-hidden=\"true\">*<\/span>\r\n    <\/label>\r\n    <input type=\"tel\" id=\"field_wya0x\" name=\"item_meta[11]\" value=\"\"  data-reqmsg=\"Cell Phone Number cannot be blank.\" aria-required=\"true\" data-invmsg=\"Phone is invalid\" aria-invalid=\"false\" pattern=\"((\\+\\d{1,3}(-|.| )?\\(?\\d\\)?(-| |.)?\\d{1,5})|(\\(?\\d{2,6}\\)?))(-|.| )?(\\d{3,4})(-|.| )?(\\d{4})(( x| ext)\\d{1,5}){0,1}$\"  \/>\r\n    \r\n    \r\n<\/div>\n<div id=\"frm_field_12_container\" class=\"frm_form_field form-field  frm_required_field frm_top_container frm6\">\r\n    <label for=\"field_jvw4a\" id=\"field_jvw4a_label\" class=\"frm_primary_label\">Email Address\r\n        <span class=\"frm_required\" aria-hidden=\"true\">*<\/span>\r\n    <\/label>\r\n    <input type=\"email\" id=\"field_jvw4a\" name=\"item_meta[12]\" value=\"\"  data-reqmsg=\"Email Address cannot be blank.\" aria-required=\"true\" data-invmsg=\"Email is invalid\" aria-invalid=\"false\"  \/>\r\n    \r\n    \r\n<\/div>\n<div id=\"frm_field_7_container\" class=\"frm_form_field form-field  frm_top_container\">\r\n    <label for=\"field_lewpy\" id=\"field_lewpy_label\" class=\"frm_primary_label\">Position(s) You Are Applying For\r\n        <span class=\"frm_required\" aria-hidden=\"true\"><\/span>\r\n    <\/label>\r\n    <input  type=\"text\" id=\"field_lewpy\" name=\"item_meta[7]\" value=\"\"  data-invmsg=\"Text is invalid\" aria-invalid=\"false\"   \/>\r\n    \r\n    \r\n<\/div>\n<div id=\"frm_field_13_container\" class=\"frm_form_field frm_section_heading form-field  frm12 frm_first\">\r\n<h3 class=\"frm_pos_top frm_section_spacing\">Additional Information<\/h3>\r\n\r\n\r\n<div id=\"frm_field_15_container\" class=\"frm_form_field form-field  frm_required_field frm_top_container frm_two_col\">\r\n    <div  id=\"field_jgpzu_label\" class=\"frm_primary_label\">Do you have reliable transportation to get to work?\r\n        <span class=\"frm_required\" aria-hidden=\"true\">*<\/span>\r\n    <\/div>\r\n    <div class=\"frm_opt_container\" aria-labelledby=\"field_jgpzu_label\" role=\"radiogroup\" aria-required=\"true\">\t\t<div class=\"frm_radio\" id=\"frm_radio_15-13-0\">\t\t\t<label  for=\"field_jgpzu-0\">\n\t\t\t\t\t<input type=\"radio\" name=\"item_meta[15]\" id=\"field_jgpzu-0\" value=\"Yes\"\n\t\t data-sectionid=\"13\"  data-reqmsg=\"Do you have reliable transportation to get to work? cannot be blank.\" data-invmsg=\"Do you have reliable transportation to get to work? is invalid\"   \/> Yes<\/label><\/div>\n\t\t<div class=\"frm_radio\" id=\"frm_radio_15-13-1\">\t\t\t<label  for=\"field_jgpzu-1\">\n\t\t\t\t\t<input type=\"radio\" name=\"item_meta[15]\" id=\"field_jgpzu-1\" value=\"No\"\n\t\t data-sectionid=\"13\"  data-reqmsg=\"Do you have reliable transportation to get to work? cannot be blank.\" data-invmsg=\"Do you have reliable transportation to get to work? is invalid\"   \/> No<\/label><\/div>\n<\/div>\r\n    \r\n    \r\n<\/div>\n<div id=\"frm_field_16_container\" class=\"frm_form_field form-field  frm_required_field frm_top_container\">\r\n    <label for=\"field_4tgmw\" id=\"field_4tgmw_label\" class=\"frm_primary_label\">When are you available to start?\r\n        <span class=\"frm_required\" aria-hidden=\"true\">*<\/span>\r\n    <\/label>\r\n    <input  type=\"text\" id=\"field_4tgmw\" name=\"item_meta[16]\" value=\"\"  data-sectionid=\"13\"  data-reqmsg=\"When are you available to start? cannot be blank.\" aria-required=\"true\" data-invmsg=\"Text is invalid\" aria-invalid=\"false\"   \/>\r\n    \r\n    \r\n<\/div>\n<div id=\"frm_field_17_container\" class=\"frm_form_field form-field  frm_required_field frm_top_container\">\r\n    <label for=\"field_z921l\" id=\"field_z921l_label\" class=\"frm_primary_label\">Do you have experience working in concrete?\r\n        <span class=\"frm_required\" aria-hidden=\"true\">*<\/span>\r\n    <\/label>\r\n    <textarea name=\"item_meta[17]\" id=\"field_z921l\" rows=\"5\"  data-sectionid=\"13\"  data-reqmsg=\"Do you have experience working in concrete? cannot be blank.\" aria-required=\"true\" data-invmsg=\"Do you have experience working in concrete? is invalid\" aria-invalid=\"false\"  ><\/textarea>\r\n    \r\n    \r\n<\/div>\n<div id=\"frm_field_18_container\" class=\"frm_form_field form-field  frm_required_field frm_top_container\">\r\n    <label for=\"field_lzvjq\" id=\"field_lzvjq_label\" class=\"frm_primary_label\">Why do you want to work at Poppoff Inc?\r\n        <span class=\"frm_required\" aria-hidden=\"true\">*<\/span>\r\n    <\/label>\r\n    <textarea name=\"item_meta[18]\" id=\"field_lzvjq\" rows=\"5\"  data-sectionid=\"13\"  data-reqmsg=\"Why do you want to work at Poppoff Inc? cannot be blank.\" aria-required=\"true\" data-invmsg=\"Why do you want to work at Poppoff Inc? is invalid\" aria-invalid=\"false\"  ><\/textarea>\r\n    \r\n    \r\n<\/div>\n<div id=\"frm_field_19_container\" class=\"frm_form_field form-field  frm_top_container frm12 frm_first\">\r\n    <label for=\"field_ukhbq\" id=\"field_ukhbq_label\" class=\"frm_primary_label\">If referred by a current Poppoff Inc employee, please enter their name:\r\n        <span class=\"frm_required\" aria-hidden=\"true\"><\/span>\r\n    <\/label>\r\n    <input  type=\"text\" id=\"field_ukhbq\" name=\"item_meta[19]\" value=\"\"  data-sectionid=\"13\"  data-invmsg=\"Text is invalid\" aria-invalid=\"false\"   \/>\r\n    \r\n    \r\n<\/div>\n<\/div>\n<div id=\"frm_field_20_container\" class=\"frm_form_field form-field  frm_top_container frm12\">\r\n    <label for=\"field_ajurg\" id=\"field_ajurg_label\" class=\"frm_primary_label\">Upload Your Resume\r\n        <span class=\"frm_required\" aria-hidden=\"true\"><\/span>\r\n    <\/label>\r\n    <input type=\"hidden\"  data-invmsg=\"File Upload is invalid\" class=\"auto_width\" aria-invalid=\"false\"   name=\"item_meta[20]\"  value=\"\" data-frmfile=\"20\" \/>\n\n<div class=\"frm_dropzone frm_single_upload frm_clearfix\" id=\"file20_dropzone\" role=\"group\"  aria-describedby=\"frm_desc_field_ajurg\">\n\t<div class=\"fallback\">\n\t\t<input type=\"file\" name=\"file20\" id=\"field_ajurg\"\n\t\t\t data-invmsg=\"File Upload is invalid\" class=\"auto_width\" aria-invalid=\"false\"  \t\t\t\/>\n\t\t\t\t<div class=\"frm_clearfix \"><\/div>\n\t<\/div>\n\t<div class=\"dz-message needsclick\">\n\t\t\t\t<svg  viewBox=\"0 0 18 18\" class=\"frmsvg frm-svg-icon\">\n\t<path viewBox=\"0 0 18 18\" fill-rule=\"evenodd\" clip-rule=\"evenodd\" d=\"M8.2 4v8a.8.8 0 001.5 0V4l2.1 2.2A.7.7 0 1013 5L9.5 1.7a.7.7 0 00-1.1 0L5.1 5.2a.8.8 0 001 1l2.1-2zm7.6 4.3c.4 0 .7.3.7.7v6.8c0 .4-.3.7-.8.7H2.3a.8.8 0 01-.8-.8V9A.8.8 0 013 9v6h12V9c0-.4.3-.8.8-.8z\"><\/path>\n<\/svg>\t\t<span class=\"frm_upload_text\"><button type=\"button\" aria-label=\"Upload Your Resume. Drop a File Here or Click to Upload. Maximum file size: 4MB\">Drop a File Here or Click to Upload<\/button><\/span>\n\t\t<span class=\"frm_compact_text\"><button type=\"button\" aria-label=\"Upload Your Resume. Choose File. Maximum file size: 4MB\">Choose File<\/button><\/span>\n\t\t<div class=\"frm_small_text\">\n\t\t\t<p>Maximum file size: 4MB<\/p>\n\t\t<\/div>\n\t<\/div>\n<\/div>\n\t\r\n    <div class=\"frm_description\" id=\"frm_desc_field_ajurg\">Accepted file types: .doc, .docx, .pdf<\/div>\r\n    \r\n<\/div>\n<div id=\"frm_field_21_container\" class=\"frm_form_field frm_section_heading form-field \">\r\n<h3 class=\"frm_pos_top frm_section_spacing\">Acknowledgement<\/h3>\r\n\r\n\r\n<div id=\"frm_field_23_container\" class=\"frm_form_field  frm_html_container form-field\">\n<p>I certify that the information given herein is true and correct to the best of my knowledge and I authorize investigations of statements contained herein as may be necessary.<\/p>\n<\/div>\n<div id=\"frm_field_24_container\" class=\"frm_form_field form-field  frm_required_field frm_none_container\">\r\n    <label for=\"field_6wipl\" id=\"field_6wipl_label\" class=\"frm_primary_label\">Acknowledgement\r\n        <span class=\"frm_required\" aria-hidden=\"true\">*<\/span>\r\n    <\/label>\r\n    <div class=\"sigPad\" id='sigPad24' style=\"max-width:600px;\">\n\t<div class=\"sig sigWrapper\" style=\"height:150px;border-color:#ecedf0;--bg-color:#ecedf0;--active:#579AF6;--inactive:#eaeaea;--active-text:#ffffff;--inactive-text:#3f4b5b;--button-margin:22px;--button-size:20px;--button-padding:10px;--button-side-margin:30px;--icon:20px\">\n\n\t\t<ul class=\"sigNav\">\n\t\t\t\t<li class=\"drawIt\">\n\t\t\t\t\t<a href=\"#\" class=\"\" title=\"Draw It\" aria-label=\"Draw It\">\n\t\t\t\t\t\t<svg  viewBox=\"0 0 22 20\" class=\"frmsvg\">\n\t<title>signature<\/title>\n\t<path d=\"M19.7 2.2A3.5 3.5 0 0 0 14 1.1L1.7 13.4a1 1 0 0 0-.3.4l-1.3 5a.9.9 0 0 0 0 .5 1 1 0 0 0 1 .6l5-1.3c.2 0 .4-.1.5-.3L18.9 6a3.5 3.5 0 0 0 .7-3.8zm-6.8 2.6L15.2 7l-8.6 8.7-2.4-2.4zm-10.7 13l1-3.3L5.4 17zM18 4.2l-.4.5L16.3 6 14 3.7l1.3-1.3A1.7 1.7 0 0 1 18 3.6l-.1.6zM9 17.9h11v1H9v-1z\"><\/path>\n\n<\/svg>\t\t\t\t\t<\/a>\n\t\t\t\t<\/li>\n\t\t\t\t<li class=\"typeIt\">\n\t\t\t\t\t<a href=\"#\" class=\"frm-active-sig-type\" title=\"Type It\" aria-label=\"Type It\">\n\t\t\t\t\t\t<svg  viewBox=\"0 0 22 20\" class=\"frmsvg\">\n\t<title>keyboard<\/title>\n\t<path d=\"M20.6 2.5H2c-1 0-1.9.8-1.9 1.9v11.2c0 1 .8 1.9 1.9 1.9h18.7c1 0 1.9-.8 1.9-1.9V4.4c0-1-.8-1.9-1.9-1.9zm.3 13.1c0 .2-.1.3-.3.3H2a.3.3 0 0 1-.3-.3V4.4c0-.2.1-.3.3-.3h18.7c.2 0 .3.1.3.3v11.2zm-14.3-5V9.4c0-.3-.2-.5-.4-.5H5c-.3 0-.5.2-.5.5v1c0 .3.2.5.5.5h1c.3 0 .5-.2.5-.5zm3.8 0V9.4c0-.3-.2-.5-.5-.5H9c-.3 0-.5.2-.5.5v1c0 .3.2.5.4.5H10c.3 0 .5-.2.5-.5zm3.7 0V9.4c0-.3-.2-.5-.4-.5h-1.1c-.3 0-.5.2-.5.5v1c0 .3.2.5.5.5h1c.3 0 .5-.2.5-.5zm3.8 0V9.4c0-.3-.2-.5-.5-.5h-1c-.3 0-.5.2-.5.5v1c0 .3.2.5.4.5h1.1c.3 0 .5-.2.5-.5zM4.8 7.2v-1c0-.3-.2-.5-.5-.5H3.2c-.3 0-.5.2-.5.4v1.1c0 .3.2.5.5.5h1.1c.3 0 .5-.2.5-.5zm3.7 0v-1c0-.3-.2-.5-.5-.5H7c-.3 0-.5.2-.5.4v1.1c0 .3.2.5.5.5h1c.3 0 .5-.2.5-.5zm3.8 0v-1c0-.3-.2-.5-.5-.5h-1.1c-.3 0-.5.2-.5.4v1.1c0 .3.2.5.5.5h1.1c.3 0 .5-.2.5-.5zm3.7 0v-1c0-.3-.2-.5-.5-.5h-1c-.3 0-.5.2-.5.4v1.1c0 .3.2.5.5.5h1c.3 0 .5-.2.5-.5zm3.8 0v-1c0-.3-.2-.5-.5-.5h-1.1c-.3 0-.5.2-.5.4v1.1c0 .3.2.5.5.5h1.1c.3 0 .5-.2.5-.5zm-2 6.2V13c0-.3-.2-.5-.6-.5h-12c-.3 0-.6.2-.6.5v.6c0 .3.3.5.7.5h12c.3 0 .6-.2.6-.5z\"><\/path>\n<\/svg>\t\t\t\t\t<\/a>\n\t\t\t\t<\/li>\n\t\t<\/ul>\n\n\t\t<span class=\"frm-typed-drawline\"><\/span>\n\n\t\t<div class=\"typed\">\n\t\t\t<input type=\"text\" name=\"item_meta[24][typed]\" class=\"name\" id=\"field_6wipl\" autocomplete=\"off\" value=\"\"  data-sectionid=\"21\"  style=\"width:600px\" maxlength=\"150\" data-reqmsg=\"Acknowledgement cannot be blank.\" aria-required=\"true\" class=\"auto_width\" aria-invalid=\"false\"   \/>\n\t\t<\/div>\n\n\t\t<canvas class=\"pad\" data-fieldid=\"24\" data-fieldname=\"item_meta[24]\" width=\"596\" height=\"150\"><\/canvas>\n\t\t<div class=\"clearButton\"><a href=\"#clear\">Clear<\/a><\/div>\n\n\t\t<input type=\"hidden\" name=\"item_meta[24][output]\" class=\"output\" value=\"\" \/>\n\t<\/div>\n<\/div>\n\r\n    \r\n    \r\n<\/div>\n<\/div>\n<div id=\"frm_field_26_container\" class=\"frm_form_field form-field  frm_none_container\">\r\n\t<label for=\"h-captcha-response\" id=\"field_aybmr_label\" class=\"frm_primary_label\">Captcha\r\n\t\t<span class=\"frm_required\" aria-hidden=\"true\"><\/span>\r\n\t<\/label>\r\n\t<div  id=\"field_aybmr\" class=\"h-captcha\" data-sitekey=\"16481c4c-2536-4b96-b30a-0632bcce876a\" data-size=\"normal\" data-theme=\"light\"><\/div>\r\n\t\r\n\t\r\n<\/div>\n<div id=\"frm_field_25_container\" class=\"frm_form_field form-field \">\r\n\t<div class=\"frm_submit\">\r\n\r\n<button class=\"frm_button_submit frm_final_submit\" type=\"submit\"   formnovalidate=\"formnovalidate\">Submit Application<\/button>\r\n\r\n<\/div>\r\n<\/div>\n\t<input type=\"hidden\" name=\"item_key\" value=\"\" \/>\n\t\t\t<div id=\"frm_field_44_container\">\n\t\t\t<label for=\"field_ihxcy\" >\n\t\t\t\tIf you are human, leave this field blank.\t\t\t<\/label>\n\t\t\t<input  id=\"field_ihxcy\" type=\"text\" class=\"frm_form_field form-field frm_verify\" name=\"item_meta[44]\" value=\"\"  \/>\n\t\t<\/div>\n\t\t<input name=\"frm_state\" type=\"hidden\" value=\"eLOIow3a8mW\/GFSbIjCb4ykIJ\/PgYfDN07UJskBY8B7gYbCz22\/BoEC1jV50ULFh\" \/><\/div>\n<\/fieldset>\n<\/div>\n\n<p style=\"display: none !important;\" class=\"akismet-fields-container\" data-prefix=\"ak_\"><label>&#916;<textarea name=\"ak_hp_textarea\" cols=\"45\" rows=\"8\" maxlength=\"100\"><\/textarea><\/label><input type=\"hidden\" id=\"ak_js_1\" name=\"ak_js\" value=\"194\"\/><script type=\"text\/javascript\">\n\/* <![CDATA[ *\/\ndocument.getElementById( \"ak_js_1\" ).setAttribute( \"value\", ( new Date() ).getTime() );\n\/* ]]> *\/\n<\/script>\n<\/p><\/form>\n<\/div>\n<script>\nvar frmSigs=[{\"bgColour\":\"rgba(0,0,0,0)\",\"id\":\"24\",\"width\":\"600\",\"height\":\"150\",\"line_top\":105.5,\"line_margin\":30,\"line_color\":\"#ecedf0\",\"line_width\":1,\"default_tab\":\"typeIt\",\"bg_color\":\"#ecedf0\",\"text_color\":\"#555555\",\"border_color\":\"#ecedf0\"}];\nif(typeof __FRMSIG === 'undefined'){__FRMSIG=frmSigs;}else{__FRMSIG=jQuery.extend(__FRMSIG,frmSigs);}\n<\/script>\n\n\n","protected":false},"excerpt":{"rendered":"<p>Solicitud de empleo Solicite hoy Poppoff Inc. es el principal contratista de concreto en el noroeste del Pac\u00edfico y brinda servicios tales como trabajos de nivelaci\u00f3n de concreto, bombeo de concreto y construcci\u00f3n inclinada. Poppoff Inc. est\u00e1 buscando personas motivadas para unirse a nuestro equipo y estamos emocionados de saber de usted.<\/p>","protected":false},"author":1,"featured_media":0,"parent":18,"menu_order":7,"comment_status":"closed","ping_status":"closed","template":"","meta":{"_genesis_hide_title":false,"_genesis_hide_breadcrumbs":false,"_genesis_hide_singular_image":false,"_genesis_hide_footer_widgets":false,"_genesis_custom_body_class":"","_genesis_custom_post_class":"","_genesis_layout":"","footnotes":""},"class_list":{"0":"post-242","1":"page","2":"type-page","3":"status-publish","5":"entry"},"_links":{"self":[{"href":"https:\/\/poppoffinc.com\/es\/wp-json\/wp\/v2\/pages\/242","targetHints":{"allow":["GET"]}}],"collection":[{"href":"https:\/\/poppoffinc.com\/es\/wp-json\/wp\/v2\/pages"}],"about":[{"href":"https:\/\/poppoffinc.com\/es\/wp-json\/wp\/v2\/types\/page"}],"author":[{"embeddable":true,"href":"https:\/\/poppoffinc.com\/es\/wp-json\/wp\/v2\/users\/1"}],"replies":[{"embeddable":true,"href":"https:\/\/poppoffinc.com\/es\/wp-json\/wp\/v2\/comments?post=242"}],"version-history":[{"count":0,"href":"https:\/\/poppoffinc.com\/es\/wp-json\/wp\/v2\/pages\/242\/revisions"}],"up":[{"embeddable":true,"href":"https:\/\/poppoffinc.com\/es\/wp-json\/wp\/v2\/pages\/18"}],"wp:attachment":[{"href":"https:\/\/poppoffinc.com\/es\/wp-json\/wp\/v2\/media?parent=242"}],"curies":[{"name":"gracias","href":"https:\/\/api.w.org\/{rel}","templated":true}]}}