{"id":19,"date":"2021-09-08T11:43:14","date_gmt":"2021-09-08T18:43:14","guid":{"rendered":"https:\/\/poppoffinc.com\/?page_id=19"},"modified":"2025-11-17T09:42:57","modified_gmt":"2025-11-17T17:42:57","slug":"contact-us","status":"publish","type":"page","link":"https:\/\/poppoffinc.com\/es\/contact-us\/","title":{"rendered":"Cont\u00e1ctenos"},"content":{"rendered":"\n<h1>\n\t\t\tContact Us\t<\/h1>\n<h2>\n\t\t\tLooking for a job?\t<\/h2>\n\t<p>Check out our open positions and apply for a job by clicking the button below.<\/p>\n\t\t\t<a href=\"https:\/\/poppoffinc.com\/careers\/\" target=\"_self\">\n\t\t\t\t\t\t\tView Openings\n\t\t\t\t\t<\/a>\n<h2>\n\t\t\tReach out to us\t<\/h2>\n<h4>\n\t\t<a href=\"tel:1-509-575-8353\" title=\"&nbsp;&nbsp;509-575-8353\"  target=\"_self\">\n\t\t\t&nbsp;&nbsp;509-575-8353\t\t<\/a>\n\t<\/h4>\n<h4>\n\t\t<a href=\"mailto:poppoff@poppoffinc.com\" title=\"&nbsp;&nbsp; poppoff@poppoffinc.com\"  target=\"_self\">\n\t\t\t&nbsp;&nbsp; poppoff@poppoffinc.com\t\t<\/a>\n\t<\/h4>\n<h4>\n\t\t\t&nbsp;&nbsp; 2455 Beaudry Road, Moxee, WA 98936\t<\/h4>\n<h2>\n\t\t\tGet In Touch\t<\/h2>\n\t<div class=\"frm_forms  with_frm_style frm_center_submit frm_style_contact-form\" id=\"frm_form_1_container\" >\n<form enctype=\"multipart\/form-data\" method=\"post\" class=\"frm-show-form  frm_ajax_submit  frm_pro_form \" id=\"form_contact-form\" >\n<div class=\"frm_form_fields \">\n<fieldset>\n<legend class=\"frm_screen_reader\">Contact Us<\/legend>\r\n\r\n<div class=\"frm_fields_container\">\n<input type=\"hidden\" name=\"frm_action\" value=\"create\" \/>\n<input type=\"hidden\" name=\"form_id\" value=\"1\" \/>\n<input type=\"hidden\" name=\"frm_hide_fields_1\" id=\"frm_hide_fields_1\" value=\"\" \/>\n<input type=\"hidden\" name=\"form_key\" value=\"contact-form\" \/>\n<input type=\"hidden\" name=\"item_meta[0]\" value=\"\" \/>\n<input type=\"hidden\" id=\"frm_submit_entry_1\" name=\"frm_submit_entry_1\" value=\"a2be493d4e\" \/><input type=\"hidden\" name=\"_wp_http_referer\" value=\"\/es\/wp-json\/wp\/v2\/pages\/19\" \/><div id=\"frm_field_1_container\" class=\"frm_form_field form-field  frm_required_field frm_top_container frm12 frm_first\">\r\n    <label for=\"field_qh4icy\" id=\"field_qh4icy_label\" class=\"frm_primary_label\">Full Name\r\n        <span class=\"frm_required\" aria-hidden=\"true\"><\/span>\r\n    <\/label>\r\n    <input  type=\"text\" id=\"field_qh4icy\" name=\"item_meta[1]\" value=\"\"  data-reqmsg=\"Full Name cannot be blank.\" aria-required=\"true\" data-invmsg=\"Name is invalid\" aria-invalid=\"false\"   \/>\r\n    \r\n    \r\n<\/div>\n<div id=\"frm_field_3_container\" class=\"frm_form_field form-field  frm_required_field frm_top_container frm_full\">\r\n    <label for=\"field_29yf4d\" id=\"field_29yf4d_label\" class=\"frm_primary_label\">Email Address\r\n        <span class=\"frm_required\" aria-hidden=\"true\"><\/span>\r\n    <\/label>\r\n    <input type=\"email\" id=\"field_29yf4d\" name=\"item_meta[3]\" value=\"\"  data-reqmsg=\"Email Address cannot be blank.\" aria-required=\"true\" data-invmsg=\"Please enter a valid email address\" aria-invalid=\"false\"  \/>\r\n    \r\n    \r\n<\/div>\n<div id=\"frm_field_6_container\" class=\"frm_form_field form-field  frm_top_container frm_full\">\r\n    <label for=\"field_xl002\" id=\"field_xl002_label\" class=\"frm_primary_label\">Phone Number\r\n        <span class=\"frm_required\" aria-hidden=\"true\"><\/span>\r\n    <\/label>\r\n    <input type=\"tel\" id=\"field_xl002\" name=\"item_meta[6]\" value=\"\"  data-invmsg=\"Phone is invalid\" aria-invalid=\"false\" pattern=\"((\\+\\d{1,3}(-|.| )?\\(?\\d\\)?(-| |.)?\\d{1,5})|(\\(?\\d{2,6}\\)?))(-|.| )?(\\d{3,4})(-|.| )?(\\d{4})(( x| ext)\\d{1,5}){0,1}$\"  \/>\r\n    \r\n    \r\n<\/div>\n<div id=\"frm_field_4_container\" class=\"frm_form_field form-field  frm_required_field frm_top_container frm_full\">\r\n    <label for=\"field_e6lis6\" id=\"field_e6lis6_label\" class=\"frm_primary_label\">Subject\r\n        <span class=\"frm_required\" aria-hidden=\"true\"><\/span>\r\n    <\/label>\r\n    <input  type=\"text\" id=\"field_e6lis6\" name=\"item_meta[4]\" value=\"\"  data-reqmsg=\"Subject cannot be blank.\" aria-required=\"true\" data-invmsg=\"Subject is invalid\" aria-invalid=\"false\"   \/>\r\n    \r\n    \r\n<\/div>\n<div id=\"frm_field_5_container\" class=\"frm_form_field form-field  frm_required_field frm_top_container frm_full\">\r\n    <label for=\"field_9jv0r1\" id=\"field_9jv0r1_label\" class=\"frm_primary_label\">Message\r\n        <span class=\"frm_required\" aria-hidden=\"true\"><\/span>\r\n    <\/label>\r\n    <textarea name=\"item_meta[5]\" id=\"field_9jv0r1\" rows=\"5\"  data-reqmsg=\"Message cannot be blank.\" aria-required=\"true\" data-invmsg=\"Message is invalid\" aria-invalid=\"false\"  ><\/textarea>\r\n    \r\n    \r\n<\/div>\n<div id=\"frm_field_28_container\" class=\"frm_form_field form-field  frm_none_container\">\r\n\t<label for=\"g-recaptcha-response\" id=\"field_8k69r_label\" class=\"frm_primary_label\">Captcha\r\n\t\t<span class=\"frm_required\" aria-hidden=\"true\"><\/span>\r\n\t<\/label>\r\n\t<div  id=\"field_8k69r\" class=\"frm-g-recaptcha\" data-sitekey=\"6LdC7PorAAAAAIHEcSaxalJ2L0q_oKakDej4xo74\" data-size=\"normal\" data-theme=\"light\"><\/div>\r\n\t\r\n\t\r\n<\/div>\n<div id=\"frm_field_27_container\" class=\"frm_form_field form-field \">\r\n\t<div class=\"frm_submit\">\r\n\r\n<button class=\"frm_button_submit frm_final_submit\" type=\"submit\"   formnovalidate=\"formnovalidate\">Send Message<\/button>\r\n\r\n<\/div>\r\n<\/div>\n\t<input type=\"hidden\" name=\"item_key\" value=\"\" \/>\n\t\t\t<div id=\"frm_field_44_container\">\n\t\t\t<label for=\"field_hr353\" >\n\t\t\t\tIf you are human, leave this field blank.\t\t\t<\/label>\n\t\t\t<input  id=\"field_hr353\" type=\"text\" class=\"frm_form_field form-field frm_verify\" name=\"item_meta[44]\" value=\"\"  \/>\n\t\t<\/div>\n\t\t<input name=\"frm_state\" type=\"hidden\" value=\"eLOIow3a8mW\/GFSbIjCb418Xzt0mUIRT8WVdHH\/95l7hqS\/x\/IP50VzFuD8JIe3J\" \/><\/div>\n<\/fieldset>\n<\/div>\n\n<p style=\"display: none !important;\" class=\"akismet-fields-container\" data-prefix=\"ak_\"><label>&#916;<textarea name=\"ak_hp_textarea\" cols=\"45\" rows=\"8\" maxlength=\"100\"><\/textarea><\/label><input type=\"hidden\" id=\"ak_js_1\" name=\"ak_js\" value=\"230\"\/><script>document.getElementById( \"ak_js_1\" ).setAttribute( \"value\", ( new Date() ).getTime() );<\/script><\/p><\/form>\n<\/div>\n\n\n","protected":false},"excerpt":{"rendered":"<p>Cont\u00e1ctanos \u00bfBuscas trabajo? Consulte nuestros puestos vacantes y solicite un trabajo haciendo clic en el bot\u00f3n a continuaci\u00f3n. Ver vacantes Comun\u00edquese con nosotros 509-575-8353 poppoff@poppoffinc.com 2455 Beaudry Road, Moxee, WA 98936 P\u00f3ngase en contacto<\/p>","protected":false},"author":1,"featured_media":0,"parent":0,"menu_order":6,"comment_status":"closed","ping_status":"closed","template":"","meta":{"_genesis_hide_title":false,"_genesis_hide_breadcrumbs":false,"_genesis_hide_singular_image":false,"_genesis_hide_footer_widgets":false,"_genesis_custom_body_class":"","_genesis_custom_post_class":"","_genesis_layout":"","footnotes":""},"class_list":{"0":"post-19","1":"page","2":"type-page","3":"status-publish","5":"entry"},"_links":{"self":[{"href":"https:\/\/poppoffinc.com\/es\/wp-json\/wp\/v2\/pages\/19","targetHints":{"allow":["GET"]}}],"collection":[{"href":"https:\/\/poppoffinc.com\/es\/wp-json\/wp\/v2\/pages"}],"about":[{"href":"https:\/\/poppoffinc.com\/es\/wp-json\/wp\/v2\/types\/page"}],"author":[{"embeddable":true,"href":"https:\/\/poppoffinc.com\/es\/wp-json\/wp\/v2\/users\/1"}],"replies":[{"embeddable":true,"href":"https:\/\/poppoffinc.com\/es\/wp-json\/wp\/v2\/comments?post=19"}],"version-history":[{"count":6,"href":"https:\/\/poppoffinc.com\/es\/wp-json\/wp\/v2\/pages\/19\/revisions"}],"predecessor-version":[{"id":10575,"href":"https:\/\/poppoffinc.com\/es\/wp-json\/wp\/v2\/pages\/19\/revisions\/10575"}],"wp:attachment":[{"href":"https:\/\/poppoffinc.com\/es\/wp-json\/wp\/v2\/media?parent=19"}],"curies":[{"name":"gracias","href":"https:\/\/api.w.org\/{rel}","templated":true}]}}