{"id":18,"date":"2021-09-08T11:43:01","date_gmt":"2021-09-08T18:43:01","guid":{"rendered":"https:\/\/poppoffinc.com\/?page_id=18"},"modified":"2025-11-17T14:11:50","modified_gmt":"2025-11-17T22:11:50","slug":"careers","status":"publish","type":"page","link":"https:\/\/poppoffinc.com\/es\/careers\/","title":{"rendered":"Carreras"},"content":{"rendered":"<h1>\n\t\t\tUnete a nuestro equipo\t<\/h1>\n\t<p>Ya sea que sea un profesional experimentado o que se est\u00e9 iniciando en la industria de la construcci\u00f3n, tenemos una oportunidad para usted. Un trabajo en concreto no es para todos, pero si tiene la voluntad de perfeccionar su oficio, nos encantar\u00eda saber de usted. \u00bfListo para unirte a nosotros?<\/p>\n\t\t\t<a href=\"#openings\" target=\"_self\">\n\t\t\t\t\t\t\tVer posiciones abiertas\n\t\t\t\t\t<\/a>\n<h2>\n\t\t\t\u00bfPor qu\u00e9 trabajar para nosotros?\t<\/h2>\n<h3>\n\t\t\tG\u00e1nese un buen vivir\t<\/h3>\n\t<p>Somos un l\u00edder de confianza en la industria del hormig\u00f3n, lo que significa que tenemos una carga de trabajo y proyectos constantes durante todo el a\u00f1o. Apoyamos a nuestra gente y nos preocupamos genuinamente por el crecimiento de los dem\u00e1s, por lo que trabajamos duro para asegurarnos de que nuestra gente tenga la oportunidad de avanzar.<\/p>\n<h3>\n\t\t\tHacer la diferencia\t<\/h3>\n\t<p>Hemos estado construyendo el noroeste del Pac\u00edfico durante m\u00e1s de 40 a\u00f1os. Trabajamos en proyectos grandes y peque\u00f1os para todo tipo de clientes, y cuando conduces por la comunidad, puedes decir con orgullo &quot;\u00a1Yo constru\u00ed eso!&quot; Podemos volver a casa de forma segura todas las noches con la satisfacci\u00f3n de un trabajo bien hecho.<\/p>\n<h3>\n\t\t\tPerfecciona tus habilidades\t<\/h3>\n\t<p>Estamos constantemente mirando hacia adelante en todos los frentes, desde invertir en la \u00faltima tecnolog\u00eda hasta escuchar siempre a nuestra gente en busca de sugerencias y comentarios. Si hay algo que le apasiona, queremos apoyar su crecimiento y brindarle oportunidades para sobresalir.<\/p>\n<h2>\n\t\t\tLa vida en Poppoff\t<\/h2>\n<h3>\n\t\t\tFormar una familia\t<\/h3>\n\t<p>La familia lo es todo: somos una empresa familiar y tratamos a nuestra gente como tal. Todos saben que son importantes y est\u00e1n bien cuidados.<\/p>\n<h3>\n\t\t\tManteni\u00e9ndolo profesional\t<\/h3>\n\t<p>Llegamos a tiempo, hacemos bien el trabajo y nos divertimos haci\u00e9ndolo. Somos administradores de nuestra comunidad y siempre dejamos un lugar de trabajo impecable.<\/p>\n<h3>\n\t\t\tEmpujando para ser mejor\t<\/h3>\n\t<p>No tenemos miedo de presionarnos unos a otros para ser mejores, y no tenemos paciencia para las mezquindades. Cuando la tripulaci\u00f3n se lleva bien, toda la operaci\u00f3n avanza maravillosamente.<\/p>\n<h2>\n\t\t\tHablemos de beneficios.\t<\/h2>\n\t\t\t<h3>Seguro de salud<\/h3>\t\t\t\n\t\t\t\t<p>Ofrecemos seguros de salud, dentales y de la vista para toda su familia.<\/p>\n\t\t\t<h3>Vacaciones Pagadas + Festivos<\/h3>\t\t\t\n\t\t\t\t<p>Obtiene vacaciones est\u00e1ndar y comienza a acumular tiempo de vacaciones pagas a partir del primer d\u00eda.<\/p>\n\t\t\t<h3>Per Diem + Kilometraje<\/h3>\t\t\t\n\t\t\t\t<p>Nuestros proyectos nos llevan por todo el noroeste del Pac\u00edfico. Cuando necesite viajar, nos ocuparemos de usted.<\/p>\n\t\t\t<h3>Eventos de equipo<\/h3>\t\t\t\n\t\t\t\t<p>Tenemos varios eventos durante todo el a\u00f1o, como picnics de empresa, barbacoas y fiestas navide\u00f1as.<\/p>\n\t\t\t<h3>Jubilaci\u00f3n<\/h3>\t\t\t\n\t\t\t\t<p>Igualamos hasta 3% de su cheque de pago al contribuir a nuestro programa de jubilaci\u00f3n para que pueda hacer realidad una buena jubilaci\u00f3n.<\/p>\n\t\t\t<h3>Rangos de compensaci\u00f3n<\/h3>\t\t\t\n\t\t\t\t<p>Creemos en la transparencia total, especialmente cuando se trata de invertir en nuestra gente.<\/p>\n\t<table id=\"compensation\">\n    <thead>\n        <tr>\n            <th>\n                Tipo de Posici\u00f3n\n            <\/th>\n            <th>\n                Tarifa por hora <sup>*<\/sup>\n            <\/th>\n            <th>\n                Compensaci\u00f3n anual promedio\n            <\/th>\n        <\/tr>\n    <\/thead>\n    <tbody>\n        <tr>\n            <td data-th=\"Position Type\">\n                Obrero\n            <\/td>\n            <td data-th=\"Hourly Rate\">\n                $20 \u2013 $24\n            <\/td>\n            <td data-th=\"Average Yearly Comp.\">\n                $50k \u2013 $60k\n            <\/td>\n        <\/tr>\n        <tr>\n            <td data-th=\"Position Type\">\n                Operador de bomba\/regla\n            <\/td>\n            <td data-th=\"Hourly Rate\">\n                $30 - $45\n            <\/td>\n            <td data-th=\"Average Yearly Comp.\">\n                $70k \u2013 $130k\n            <\/td>\n        <\/tr>\n        <tr>\n            <td data-th=\"Position Type\">\n                Carpintero\n            <\/td>\n            <td data-th=\"Hourly Rate\">\n                $25 - $35\n            <\/td>\n            <td data-th=\"Average Yearly Comp.\">\n                $60k - $100k\n            <\/td>\n        <\/tr>\n        <tr>\n            <td data-th=\"Position Type\">\n                Acabador\n            <\/td>\n            <td data-th=\"Hourly Rate\">\n                $24 \u2013 $32\n            <\/td>\n            <td data-th=\"Average Yearly Comp.\">\n                $60k - $110k\n            <\/td>\n        <\/tr>\n        <tr>\n            <td data-th=\"Position Type\">\n                Capataz\n            <\/td>\n            <td data-th=\"Hourly Rate\">\n                $30 - $45\n            <\/td>\n            <td data-th=\"Average Yearly Comp.\">\n                $70k \u2013 $150k\n            <\/td>\n        <\/tr>\n    <\/tbody>\n<\/table>\n\t<p><sup>*<\/sup> Pagamos horas extras despu\u00e9s de las 8 horas diarias.<\/p>\n<h2>\n\t\t\tLo que dice nuestra gente\t<\/h2>\n\t\t\t<blockquote>\n<p>\u201cDespu\u00e9s de haber trabajado con Poppoff Inc. y sus alrededores durante 28 a\u00f1os, no tuve reservas para solicitar el puesto de gerente de proyecto cuando estuvo disponible, ya que hab\u00eda visto de primera mano c\u00f3mo se trataba a los empleados de Poppoff y c\u00f3mo eso se prestaba a sus actitudes y deseos positivos. para hacer el mejor trabajo posible por el bien de la empresa &quot;.<\/p>\n<\/blockquote>\n<p>- Randy Tadlock, estimador y director de proyectos<\/p>\n\t\t\t<blockquote><p>\u201cPoppoff nos trata como a una familia. Esperan que la profesionalidad y la seguridad sean la regla n\u00famero uno y esperan el mejor producto posible para nuestros clientes. Est\u00e1n dispuestos a gastar el dinero en nuevos equipos para aumentar nuestra calidad y productividad. Tenemos un gran grupo de muchachos con los que trabajamos y la mayor\u00eda ha existido por un tiempo. La camarader\u00eda hace que venir a trabajar sea divertido &quot;.<\/p><\/blockquote>\n<p>- Ray Warnstadt, GM - Divisi\u00f3n de Bombeo<\/p>\n\t\t\t<blockquote><p>\u201cHe visto muchos cambios a lo largo de los \u00faltimos quince a\u00f1os, pero una cosa se ha mantenido estable: el orgullo por nuestro trabajo. Poppoff, Inc. es conocida por su calidad y eso es lo que nos distingue. En una nota personal, esta empresa ha estado ah\u00ed para m\u00ed en mis momentos m\u00e1s dif\u00edciles. Honestamente, considero a mis jefes y compa\u00f1eros de trabajo como miembros de la familia, no solo como personas para las que trabajo y con las que trabajo &quot;.<\/p><\/blockquote>\n<p>- Tammijo Peters, administrador<\/p>\n\t\t\t<blockquote><p>\u201cDisfruto de todas las personas con las que trabajo, es como una gran familia. Me gusta ser parte de una empresa que se esfuerza por ser la mejor en nuestra industria todos los d\u00edas. Y me gusta trabajar para los propietarios de una empresa que trata a sus empleados como personas en lugar de como un n\u00famero. Tambi\u00e9n es bueno ver una empresa dispuesta a tomar personas sin experiencia en la industria y tomarse el tiempo para capacitarlos y convertirlos en algunos de los mejores trabajadores del concreto del pa\u00eds \u201d.<\/p><\/blockquote>- Jerod Hill, Gerente de instalaciones\t\t\n\t\t\t<blockquote><p>\u201cRealmente no puedo decir suficientes cosas buenas sobre trabajar para Poppoff. \u00a1He trabajado aqu\u00ed por m\u00e1s de 2 a\u00f1os y me encanta! \u00a1No solo cuidan muy bien a sus empleados, sino que tambi\u00e9n cuidan excelentemente a nuestros clientes! &quot;<\/p><\/blockquote>- Danette Tadlock, directora de recursos humanos y asistente administrativa\t\t\n<h2>\n\t\t\tPosiciones abiertas\t<\/h2>\n\t<p>Haga clic en el nombre del puesto para obtener m\u00e1s informaci\u00f3n y postularse.<\/p>\n<h3>\n\t\t\tPreguntas frecuentes\t<\/h3>\n\t\t\t\t\t<p>\u00bfD\u00f3nde se encuentra Poppoff, Inc.?<\/p>\n\t\t\t\t\t<p>Poppoff, Inc. tiene su sede en Moxee, WA, pero nuestros lugares de trabajo se encuentran en todo el noroeste del Pac\u00edfico.<\/p>\n\t\t\t\t\t<p>No tengo experiencia en concreto. \u00bfPuedo aplicar?<\/p>\n\t\t\t\t\t<p>\u00a1S\u00ed! Nuestro trabajo es duro, pero gratificante de muchas formas diferentes. Si est\u00e1 dispuesto a aprender y trabajar duro, le ense\u00f1aremos todo lo que necesita saber para tener \u00e9xito.<\/p>\n\t\t\t\t\t<p>\u00bfCu\u00e1nto viaje se requiere?<\/p>\n\t\t\t\t\t<p>Por lo general, nuestros sitios se encuentran a poca distancia en autom\u00f3vil de la sede, por lo que puede esperar volver a casa todas las noches.<\/p>\n\t\t\t\t\t<p>\u00bfExiste la oportunidad de avanzar en la carrera?<\/p>\n\t\t\t\t\t<p>\u00a1S\u00ed! Estamos experimentando un r\u00e1pido crecimiento y ampliando r\u00e1pidamente nuestras capacidades. Siempre preferimos promocionarnos desde dentro y darles a las personas la oportunidad de tener \u00e9xito en un rol en funci\u00f3n de su actitud e impulso, independientemente de su edad o experiencia.<\/p>","protected":false},"excerpt":{"rendered":"<p>Join Our Team Whether you&#8217;re a seasoned pro or just getting started in the construction industry, we have an opportunity for you. A job in concrete isn&#8217;t for everyone, but if you have the willingness to perfect your craft, we&#8217;ve love to hear from you. Ready to join us? View Open Positions Why work for [&hellip;]<\/p>\n","protected":false},"author":1,"featured_media":0,"parent":0,"menu_order":8,"comment_status":"closed","ping_status":"closed","template":"","meta":{"_genesis_hide_title":false,"_genesis_hide_breadcrumbs":false,"_genesis_hide_singular_image":false,"_genesis_hide_footer_widgets":false,"_genesis_custom_body_class":"","_genesis_custom_post_class":"","_genesis_layout":"","footnotes":""},"class_list":{"0":"post-18","1":"page","2":"type-page","3":"status-publish","5":"entry"},"_links":{"self":[{"href":"https:\/\/poppoffinc.com\/es\/wp-json\/wp\/v2\/pages\/18","targetHints":{"allow":["GET"]}}],"collection":[{"href":"https:\/\/poppoffinc.com\/es\/wp-json\/wp\/v2\/pages"}],"about":[{"href":"https:\/\/poppoffinc.com\/es\/wp-json\/wp\/v2\/types\/page"}],"author":[{"embeddable":true,"href":"https:\/\/poppoffinc.com\/es\/wp-json\/wp\/v2\/users\/1"}],"replies":[{"embeddable":true,"href":"https:\/\/poppoffinc.com\/es\/wp-json\/wp\/v2\/comments?post=18"}],"version-history":[{"count":3,"href":"https:\/\/poppoffinc.com\/es\/wp-json\/wp\/v2\/pages\/18\/revisions"}],"predecessor-version":[{"id":10587,"href":"https:\/\/poppoffinc.com\/es\/wp-json\/wp\/v2\/pages\/18\/revisions\/10587"}],"wp:attachment":[{"href":"https:\/\/poppoffinc.com\/es\/wp-json\/wp\/v2\/media?parent=18"}],"curies":[{"name":"gracias","href":"https:\/\/api.w.org\/{rel}","templated":true}]}}