{"id":17,"date":"2021-09-08T11:42:43","date_gmt":"2021-09-08T18:42:43","guid":{"rendered":"https:\/\/poppoffinc.com\/?page_id=17"},"modified":"2025-11-17T14:02:24","modified_gmt":"2025-11-17T22:02:24","slug":"testimonials","status":"publish","type":"page","link":"https:\/\/poppoffinc.com\/es\/services\/testimonials\/","title":{"rendered":"Testimonios"},"content":{"rendered":"<h1>\n\t\t\tTestimonios\t<\/h1>\n<h2>\n\t\t\tNo solo conf\u00ede en nuestra palabra.\t<\/h2>\n\t<p>Hemos trabajado con una variedad de clientes incre\u00edbles en todo el noroeste del Pac\u00edfico en proyectos grandes y peque\u00f1os. Esto es lo que tienen que decir sobre nosotros.<\/p>\n<h2>\n\t\t\t\u00bfNecesita un contratista de hormig\u00f3n?\t<\/h2>\n\t\t\t<a href=\"https:\/\/poppoffinc.com\/es\/contact-us\/\" target=\"_self\">\n\t\t\t\t\t\t\tCont\u00e1ctenos\n\t\t\t\t\t<\/a>","protected":false},"excerpt":{"rendered":"<p>Testimonios No solo conf\u00ede en nuestra palabra. Hemos trabajado con una variedad de clientes incre\u00edbles en todo el noroeste del Pac\u00edfico en proyectos grandes y peque\u00f1os. Esto es lo que tienen que decir sobre nosotros. \u00bfNecesita un contratista de hormig\u00f3n? Cont\u00e1ctenos<\/p>","protected":false},"author":1,"featured_media":0,"parent":14,"menu_order":9,"comment_status":"closed","ping_status":"closed","template":"","meta":{"_genesis_hide_title":false,"_genesis_hide_breadcrumbs":false,"_genesis_hide_singular_image":false,"_genesis_hide_footer_widgets":false,"_genesis_custom_body_class":"","_genesis_custom_post_class":"","_genesis_layout":"","footnotes":""},"class_list":{"0":"post-17","1":"page","2":"type-page","3":"status-publish","5":"entry"},"_links":{"self":[{"href":"https:\/\/poppoffinc.com\/es\/wp-json\/wp\/v2\/pages\/17","targetHints":{"allow":["GET"]}}],"collection":[{"href":"https:\/\/poppoffinc.com\/es\/wp-json\/wp\/v2\/pages"}],"about":[{"href":"https:\/\/poppoffinc.com\/es\/wp-json\/wp\/v2\/types\/page"}],"author":[{"embeddable":true,"href":"https:\/\/poppoffinc.com\/es\/wp-json\/wp\/v2\/users\/1"}],"replies":[{"embeddable":true,"href":"https:\/\/poppoffinc.com\/es\/wp-json\/wp\/v2\/comments?post=17"}],"version-history":[{"count":1,"href":"https:\/\/poppoffinc.com\/es\/wp-json\/wp\/v2\/pages\/17\/revisions"}],"predecessor-version":[{"id":10584,"href":"https:\/\/poppoffinc.com\/es\/wp-json\/wp\/v2\/pages\/17\/revisions\/10584"}],"up":[{"embeddable":true,"href":"https:\/\/poppoffinc.com\/es\/wp-json\/wp\/v2\/pages\/14"}],"wp:attachment":[{"href":"https:\/\/poppoffinc.com\/es\/wp-json\/wp\/v2\/media?parent=17"}],"curies":[{"name":"gracias","href":"https:\/\/api.w.org\/{rel}","templated":true}]}}