{"id":15,"date":"2021-09-08T11:42:07","date_gmt":"2021-09-08T18:42:07","guid":{"rendered":"https:\/\/poppoffinc.com\/?page_id=15"},"modified":"2025-11-17T09:29:17","modified_gmt":"2025-11-17T17:29:17","slug":"our-people","status":"publish","type":"page","link":"https:\/\/poppoffinc.com\/es\/about\/our-people\/","title":{"rendered":"Nuestra gente"},"content":{"rendered":"<h1>\n\t\t\tNuestra gente\t<\/h1>\n\t<p>Somos un equipo de trabajadores del hormig\u00f3n apasionados que se esfuerzan por mejorar cada d\u00eda. Creemos que no importa si eres nuevo o tienes d\u00e9cadas de experiencia, todos tenemos m\u00e1s que aprender y ense\u00f1arnos unos a otros.<\/p>\n<h2>\n\t\t\tUn d\u00eda en la vida\t<\/h2>\n<h2>\n\t\t\tUnete a nuestro equipo\t<\/h2>\n\t<p>Estamos ampliando nuestra tripulaci\u00f3n y queremos que se una a nosotros. El hormig\u00f3n no es para todos, pero si le encanta ensuciarse las manos y la satisfacci\u00f3n de un trabajo bien hecho, nos encantar\u00eda saber de usted. Ya sea que sea un artesano experimentado o que est\u00e9 comenzando, le brindaremos las habilidades, la experiencia y la cultura para llevar su oficio al siguiente nivel.<\/p>\n\t\t\t<a href=\"https:\/\/poppoffinc.com\/es\/careers\/\" target=\"_self\">\n\t\t\t\t\t\t\tVer ofertas de trabajo\n\t\t\t\t\t<\/a>\n<h2>\n\t\t\tNos encantar\u00eda saber de ti.\t<\/h2>\n\t\t\t<a href=\"https:\/\/poppoffinc.com\/es\/contact-us\/\" target=\"_self\">\n\t\t\t\t\t\t\tCont\u00e1ctenos\n\t\t\t\t\t<\/a>","protected":false},"excerpt":{"rendered":"<p>Our People We&#8217;re a team of passionate concrete workers who are striving to get better every day. We believe that no matter if you&#8217;re brand new or have decades of experience, we all have more to learn and to teach one another. A Day in the Life Join Our Team We&#8217;re expanding our crew, and [&hellip;]<\/p>\n","protected":false},"author":1,"featured_media":0,"parent":13,"menu_order":10,"comment_status":"closed","ping_status":"closed","template":"","meta":{"_genesis_hide_title":false,"_genesis_hide_breadcrumbs":false,"_genesis_hide_singular_image":false,"_genesis_hide_footer_widgets":false,"_genesis_custom_body_class":"","_genesis_custom_post_class":"","_genesis_layout":"","footnotes":""},"class_list":{"0":"post-15","1":"page","2":"type-page","3":"status-publish","5":"entry"},"_links":{"self":[{"href":"https:\/\/poppoffinc.com\/es\/wp-json\/wp\/v2\/pages\/15","targetHints":{"allow":["GET"]}}],"collection":[{"href":"https:\/\/poppoffinc.com\/es\/wp-json\/wp\/v2\/pages"}],"about":[{"href":"https:\/\/poppoffinc.com\/es\/wp-json\/wp\/v2\/types\/page"}],"author":[{"embeddable":true,"href":"https:\/\/poppoffinc.com\/es\/wp-json\/wp\/v2\/users\/1"}],"replies":[{"embeddable":true,"href":"https:\/\/poppoffinc.com\/es\/wp-json\/wp\/v2\/comments?post=15"}],"version-history":[{"count":4,"href":"https:\/\/poppoffinc.com\/es\/wp-json\/wp\/v2\/pages\/15\/revisions"}],"predecessor-version":[{"id":10569,"href":"https:\/\/poppoffinc.com\/es\/wp-json\/wp\/v2\/pages\/15\/revisions\/10569"}],"up":[{"embeddable":true,"href":"https:\/\/poppoffinc.com\/es\/wp-json\/wp\/v2\/pages\/13"}],"wp:attachment":[{"href":"https:\/\/poppoffinc.com\/es\/wp-json\/wp\/v2\/media?parent=15"}],"curies":[{"name":"gracias","href":"https:\/\/api.w.org\/{rel}","templated":true}]}}