{"id":13,"date":"2021-09-08T11:40:50","date_gmt":"2021-09-08T18:40:50","guid":{"rendered":"https:\/\/poppoffinc.com\/?page_id=13"},"modified":"2026-03-16T08:08:45","modified_gmt":"2026-03-16T15:08:45","slug":"about","status":"publish","type":"page","link":"https:\/\/poppoffinc.com\/es\/about\/","title":{"rendered":"Sobre nosotros"},"content":{"rendered":"<h1>\n\t\t\tEste es Poppoff.\t<\/h1>\n<h2>\n\t\t\tNuestro m\u00e9todo es simple:\t<\/h2>\n<h2>\n\t\t\tHaz un gran trabajo.\t<\/h2>\n\t<p>Nos ganamos la confianza construyendo relaciones. Nuestro prop\u00f3sito es entregar un producto de calidad a la primera. Entendemos el concreto de principio a fin, por lo que todos los peque\u00f1os detalles se suman a un proyecto completado por expertos.<\/p>\n<h3>\n\t\t\tCreemos en:\t<\/h3>\n<figure itemscope itemtype=\"https:\/\/schema.org\/ImageObject\">\n\t\t\t\t<img decoding=\"async\" src=\"https:\/\/poppoffinc.com\/wp-content\/uploads\/2021\/09\/about-relationships.jpg\" alt=\"Popoff employees pouring concrete at school gymnasium jobsite\" height=\"601\" width=\"601\" title=\"sobre-relaciones\" onerror=\"this.style.display='none'\" loading=\"lazy\" \/>\n\t<\/figure>\n<h4>\n\t\t\tRelaciones\t<\/h4>\n\t<p>No estar\u00edamos donde estamos hoy sin nuestros incre\u00edbles clientes y socios. Nos hacemos responsables de asegurarnos de brindar servicios de concreto de la mejor calidad en el noroeste del Pac\u00edfico, a menudo contratados para trabajar en expansiones y nuevas construcciones para clientes habituales.<\/p>\n<figure itemscope itemtype=\"https:\/\/schema.org\/ImageObject\">\n\t\t\t\t<img decoding=\"async\" src=\"https:\/\/poppoffinc.com\/wp-content\/uploads\/2025\/11\/turnkey-knowledge.webp\" alt=\"Concrete pump during pour\" height=\"890\" width=\"890\" title=\"conocimiento llave en mano\" onerror=\"this.style.display='none'\" loading=\"lazy\" \/>\n\t<\/figure>\n<h4>\n\t\t\tPericia\t<\/h4>\n\t<p>Estamos equipados con el conocimiento, el equipo y la tecnolog\u00eda para manejar todo, desde proyectos de concreto llave en mano hasta soluciones personalizadas de ingenier\u00eda para aplicaciones especializadas. Nuestro profundo conocimiento del hormig\u00f3n y nuestra constante actualizaci\u00f3n de la informaci\u00f3n m\u00e1s reciente de la industria significa que podemos crear un producto especializado para su aplicaci\u00f3n.<\/p>\n<figure itemscope itemtype=\"https:\/\/schema.org\/ImageObject\">\n\t\t\t\t<img decoding=\"async\" src=\"https:\/\/poppoffinc.com\/wp-content\/uploads\/2025\/11\/turnkey-safety.webp\" alt=\"Carpenter hammering support rod for concrete formwork\" height=\"890\" width=\"890\" title=\"seguridad llave en mano\" onerror=\"this.style.display='none'\" loading=\"lazy\" \/>\n\t<\/figure>\n<h4>\n\t\t\tArtesan\u00eda\t<\/h4>\n\t<p>Somos meticulosos en nuestro oficio: hay una raz\u00f3n por la que nuestros proyectos duran d\u00e9cadas. Desde las etapas iniciales de planificaci\u00f3n e ingenier\u00eda hasta la inspecci\u00f3n final, estamos constantemente prestando atenci\u00f3n a los detalles m\u00e1s finos. Nuestra amplia participaci\u00f3n en asociaciones industriales nos brinda un conocimiento profundo de todo lo concreto.<\/p>\n<h2>\n\t\t\tLa historia de Poppoff\t<\/h2>\n    <h3>1977<\/h3>\n    <p>Poppoff Inc. abre sus puertas desde el garaje de Mike Poppoff.<\/p>\n    <h3>1980<\/h3>\n    <p>95.000 pies cuadrados de hormig\u00f3n vertido.<\/p>\n    <h3>1983<\/h3>\n    <p>Se construy\u00f3 una tienda de 40 \u2032 x 80 \u2032 en tierras de cultivo.<\/p>\n    <h3>1996<\/h3>\n    <p>Comenz\u00f3 el trabajo internacional de losas en Taiw\u00e1n.<\/p>\n    <h3>1999<\/h3>\n    <p>3,000,000 pies cuadrados de concreto vertido.<\/p>\n    <h3>2006<\/h3>\n    <p>Se compr\u00f3 la primera bomba de hormig\u00f3n propia.<br \/>Se construy\u00f3 una tienda y una oficina de 25,000 pies cuadrados en Moxee, WA.<\/p>\n    <h3>2008<\/h3>\n    <p>Matt Poppoff se reincorpora a la empresa a tiempo completo.<\/p>\n    <h3>2014<\/h3>\n    <p>Vertido m\u00e1s grande colocado hasta la fecha: 3,100 yardas y 51,000 SF.<br \/>Mike Poppoff sirve un t\u00e9rmino de dos a\u00f1os para el presidente de ASCC.<\/p>\n    <h3>2017<\/h3>\n    <p>La oficina y el taller se expandieron a 45,000 pies cuadrados para acomodar cinco bombas de concreto y cuatro reglas l\u00e1ser.<\/p>\n    <h3>2018<\/h3>\n    <p>Mike Poppoff asciende a Matt a presidente de Poppoff, Inc.<\/p>\n    <h3>2019<\/h3>\n    <p>Matt Poppoff se convierte en miembro con derecho a voto en los Comit\u00e9s 302 y 640 de ACI.<\/p>\n    <h3>2022<\/h3>\n    <p>Poppoff incorpora una m\u00e1quina Power Curber 3D sin cables para realizar un trabajo completo de hormigonado en obra.<\/p>\n    <h3>2023<\/h3>\n    <p>Poppoff completa su primer proyecto llave en mano de hormig\u00f3n con 253 paneles prefabricados.<\/p>\n    <h3>2025<\/h3>\n    <p>Poppoff incorpora servicios internos de topograf\u00eda y dise\u00f1o del terreno con 5 estaciones totales.<\/p>\n<h2>\n\t\t\tNos apasiona la industria del hormig\u00f3n.\t<\/h2>\n\t<p>Tener a Poppoff de su lado significa que su proyecto est\u00e1 en manos expertas. Mike y Matt Poppoff son miembros activos y muy respetados de la comunidad concreta. Desde que Mike se desempe\u00f1\u00f3 como ex presidente de ASCC hasta Matt contribuy\u00f3 con su experiencia a trav\u00e9s de documentos t\u00e9cnicos y fue miembro con derecho a voto de ACI, su pasi\u00f3n por el concreto es aparentemente interminable.<\/p>\n<p>Al mantenerse al d\u00eda con la industria del hormig\u00f3n y contribuir activamente con su conocimiento y experiencia, Poppoff est\u00e1 posicionado para manejar cualquier tipo de proyecto de terrapl\u00e9n, bombeo o inclinaci\u00f3n de hormig\u00f3n.<\/p>\n<h2>\n\t\t\tLa seguridad <u>Es<\/u> Nuestra cultura.\t<\/h2>\n\t<p>Nuestro programa de seguridad es mucho m\u00e1s que recordarles a todos que trabajen de manera segura. Hemos creado una cultura de responsabilidad en la que nuestra gente se mantiene mutuamente con los m\u00e1s altos est\u00e1ndares de seguridad. Poppoff, Inc ha sido un miembro orgulloso del AGC Safety Team\u00ae desde enero de 1993. Como miembro del Safety Team\u00ae, hemos cumplido o excedido los est\u00e1ndares de seguridad de construcci\u00f3n establecidos y participamos en programas de seguridad anuales y auditor\u00edas en el lugar de trabajo.<\/p>\n<p>En febrero de 2020, hicimos la inversi\u00f3n para actualizar todos nuestros cascos a cascos de seguridad. Aunque significativamente m\u00e1s costosos, los cascos de seguridad son sustancialmente m\u00e1s seguros que los cascos de seguridad est\u00e1ndar, ofrecen una mejor protecci\u00f3n contra ca\u00eddas y lesiones en la cabeza y son m\u00e1s c\u00f3modos.<\/p>\n<h3>\n\t\t\tLogros + Premios\t<\/h3>\n    <ul>\n      <li><p>Reconocimiento de Negocio Libre de Drogas 12\/1994 - 12\/2006<\/p><\/li>\n<li><p>Premio a la seguridad m\u00e1s mejorada de AGC de Washington 1995<\/p><\/li>\n<li><p>Excelencia en seguridad de subcontratistas de AGC m\u00e1s mejorada 1996<\/p><\/li>\n<li><p>Premio a la excelencia en seguridad para subcontratistas de AGC 1996<\/p><\/li>\n<li><p>Artista sobresaliente de AGC Retro - A\u00f1o del plan 5, 4\/1996 - 3\/1997<\/p><\/li>\n<li><p>Premio ASCC 1997 a la mejor seguridad por \u00edndice de incidentes por debajo del promedio nacional para contratistas<\/p><\/li>\n<li><p>Desempe\u00f1o sobresaliente de AGC Safety &amp; Loss Control - A\u00f1o del plan 6, 4\/1997 - 3\/1998<\/p><\/li>\n<li><p>Plan de excelencia en seguridad y control de p\u00e9rdidas de AGC A\u00f1o 7, 4\/1998 - 3\/1999<\/p><\/li>\n<li><p>Plan de gesti\u00f3n de riesgos y seguridad de AGC A\u00f1o 8, 4\/1999 - 3\/2000<\/p><\/li>\n<li><p>Plan de gesti\u00f3n de riesgos y seguridad de AGC A\u00f1o 9, 4\/2000 - 3\/2001<\/p><\/li>\n<li><p>Subcontratista de AGC m\u00e1s mejorado en 2001<\/p><\/li>\n<li><p>Subcontratista de AGC m\u00e1s mejorado en 2002<\/p><\/li>\n<li><p>Subcontratista destacado de AGC 2002<\/p><\/li>\n<li><p>Subcontratista de AGC m\u00e1s mejorado en 2003<\/p><\/li>\n<li><p>Premio a la seguridad de la ASCC 2003 por \u00edndice de incidentes por debajo del promedio nacional para contratistas<\/p><\/li>\n<li><p>Premio de seguridad ASCC 2003 por cero accidentes con tiempo perdido<\/p><\/li>\n<li><p>2004 Ty Long afiliado del a\u00f1o por su excelente servicio a la industria de la construcci\u00f3n<\/p><\/li>\n<li><p>AGC Top Performer Safety &amp; Claims Management 2004 - Top 25 Company con EMR m\u00e1s bajo<\/p><\/li>\n<li><p>Gesti\u00f3n de reclamaciones y seguridad con el mejor rendimiento de AGC 2005 - Las 25 mejores empresas con EMR m\u00e1s bajo<\/p><\/li>\n<li><p>Premio Regional ACPA a la Excelencia en Pavimentos de Concreto 2005<\/p><\/li>\n<li><p>Gesti\u00f3n de reclamaciones y seguridad de alto rendimiento de AGC 2006<\/p><\/li>\n<li><p>Premio de seguridad de la ASCC 2006 por \u00edndice de incidentes por debajo del promedio nacional para contratistas<\/p><\/li>\n<li><p>Premio de seguridad ASCC 2006-2018 por cero accidentes con tiempo perdido<\/p><\/li>\n<li><p>Premio de seguridad AGC 2015 Build Washington<\/p><\/li>\n<li><p>AGC 2014 y 2015 EMR m\u00e1s mejorado<\/p><\/li>\n<li><p>AGC 2016 y 2017 &quot;Lo m\u00e1s bajo posible&quot;<\/p><\/li>\n<li><p>ASCC 2016, 2017, 2018 Logro sobresaliente en seguridad - Otorgado a un solo contratista en la categor\u00eda de EMR m\u00e1s bajo<\/p><\/li>\n<li><p>Actualizaci\u00f3n de todos los cascos est\u00e1ndar a cascos de seguridad - febrero de 2020<\/p><\/li>\n    <\/ul>\n<h2>\n\t\t\tUnete a nuestro equipo\t<\/h2>\n\t<p>Estamos ampliando nuestra tripulaci\u00f3n y queremos que se una a nosotros. El hormig\u00f3n no es para todos, pero si le encanta ensuciarse las manos y la satisfacci\u00f3n de un trabajo bien hecho, nos encantar\u00eda saber de usted. Ya sea que sea un artesano experimentado o que est\u00e9 comenzando, le brindaremos las habilidades, la experiencia y la cultura para llevar su oficio al siguiente nivel.<\/p>\n\t\t\t<a href=\"https:\/\/poppoffinc.com\/es\/careers\/\"  target=\"_self\">\n\t\t\t\t\t\t\tVer ofertas de trabajo\n\t\t\t\t\t<\/a>\n<h2>\n\t\t\t\u00bfNecesita un contratista de hormig\u00f3n?\t<\/h2>\n\t\t\t<a href=\"https:\/\/poppoffinc.com\/es\/contact-us\/\"  target=\"_self\">\n\t\t\t\t\t\t\tCont\u00e1ctenos\n\t\t\t\t\t<\/a>","protected":false},"excerpt":{"rendered":"<p>This is Poppoff. Our Method is Simple: Do Great Work. We earn trust by building relationships. Our purpose is to deliver a quality product-the first time. We understand concrete through and through, so all of the tiny details add up to an expertly completed project. We Believe In: Relationships We wouldn&#8217;t be where we are [&hellip;]<\/p>\n","protected":false},"author":1,"featured_media":0,"parent":0,"menu_order":13,"comment_status":"closed","ping_status":"closed","template":"","meta":{"_genesis_hide_title":false,"_genesis_hide_breadcrumbs":false,"_genesis_hide_singular_image":false,"_genesis_hide_footer_widgets":false,"_genesis_custom_body_class":"","_genesis_custom_post_class":"","_genesis_layout":"","footnotes":""},"class_list":{"0":"post-13","1":"page","2":"type-page","3":"status-publish","5":"entry"},"_links":{"self":[{"href":"https:\/\/poppoffinc.com\/es\/wp-json\/wp\/v2\/pages\/13","targetHints":{"allow":["GET"]}}],"collection":[{"href":"https:\/\/poppoffinc.com\/es\/wp-json\/wp\/v2\/pages"}],"about":[{"href":"https:\/\/poppoffinc.com\/es\/wp-json\/wp\/v2\/types\/page"}],"author":[{"embeddable":true,"href":"https:\/\/poppoffinc.com\/es\/wp-json\/wp\/v2\/users\/1"}],"replies":[{"embeddable":true,"href":"https:\/\/poppoffinc.com\/es\/wp-json\/wp\/v2\/comments?post=13"}],"version-history":[{"count":5,"href":"https:\/\/poppoffinc.com\/es\/wp-json\/wp\/v2\/pages\/13\/revisions"}],"predecessor-version":[{"id":10642,"href":"https:\/\/poppoffinc.com\/es\/wp-json\/wp\/v2\/pages\/13\/revisions\/10642"}],"wp:attachment":[{"href":"https:\/\/poppoffinc.com\/es\/wp-json\/wp\/v2\/media?parent=13"}],"curies":[{"name":"gracias","href":"https:\/\/api.w.org\/{rel}","templated":true}]}}