{"id":10227,"date":"2025-11-10T13:15:40","date_gmt":"2025-11-10T21:15:40","guid":{"rendered":"https:\/\/poppoffinc.com\/?page_id=10227"},"modified":"2025-11-17T09:25:59","modified_gmt":"2025-11-17T17:25:59","slug":"curbing-specialty-work","status":"publish","type":"page","link":"https:\/\/poppoffinc.com\/es\/services\/curbing-specialty-work\/","title":{"rendered":"Bordillos y trabajos especializados"},"content":{"rendered":"<h1>\n\t\t\tBordillos de hormig\u00f3n y trabajos especiales\t<\/h1>\n\t<p>Nuestra m\u00e1quina de bordillos de precisi\u00f3n y nuestras capacidades de topograf\u00eda internas producen resultados limpios y uniformes que se integran perfectamente en su proyecto.<\/p>\n\t\t\t<a href=\"https:\/\/poppoffinc.com\/es\/contact-us\/\" target=\"_self\">\n\t\t\t\t\t\t\tCont\u00e1ctenos\n\t\t\t\t\t<\/a>\n<h2>\n\t\t\tNo importa cu\u00e1n complejo o creativo sea el proyecto, estamos equipados para manejarlo.\t<\/h2>\n\t<p>Ya sean bordillos est\u00e1ndar para estacionamientos y carreteras o bordillos decorativos para paisajismo y dise\u00f1o de sitios, nos enorgullecemos de crear trabajos de excelente apariencia y rendimiento. Gracias a nuestra m\u00e1quina Power Curber y a nuestros equipos expertos que construyen encofrados de bordillos a mano, podemos dise\u00f1ar y construir bordillos para cualquier aplicaci\u00f3n.<\/p>\n<p>Adem\u00e1s de los bordillos, tambi\u00e9n nos especializamos en aplicaciones \u00fanicas de hormig\u00f3n que se salen de lo com\u00fan. Acabados decorativos, formas personalizadas, losas especiales o detalles complejos: abordamos cada desaf\u00edo con una soluci\u00f3n innovadora y d\u00e9cadas de experiencia pr\u00e1ctica. <\/p>\n<h2>\n\t\t\tNuestros proyectos hablan por s\u00ed mismos.\t<\/h2>\n\t\t\t<a href=\"https:\/\/poppoffinc.com\/es\/projects\/\" target=\"_self\">\n\t\t\t\t\t\t\tExplorar proyectos\n\t\t\t\t\t<\/a>\n<h2>\n\t\t\t\u00bfPor qu\u00e9 Poppoff?\t<\/h2>\n<h3>\n\t\t\tNuestra cultura de seguridad\t<\/h3>\n\t<p>La seguridad no es solo una cuesti\u00f3n de cumplir, es nuestra forma de trabajar. Desde la planificaci\u00f3n previa al vertido hasta el acabado final, protegemos a nuestro personal y socios para que cada proyecto se desarrolle de forma fluida y segura.<\/p>\n<h3>\n\t\t\tNuestra cultura del conocimiento\t<\/h3>\n\t<p>Invertimos en cuidar cada detalle. Nuestras capacidades de topograf\u00eda internas y la estrecha colaboraci\u00f3n con arquitectos e ingenieros se traducen en menos modificaciones de obra y menos demoliciones.<\/p>\n<h3>\n\t\t\tNuestra cultura familiar\t<\/h3>\n\t<p>Nuestro equipo llega puntual, trabaja duro y se apoya mutuamente, tanto dentro como fuera de la obra. Ese orgullo y trabajo en equipo se refleja en cada vertido, cada acabado y cada cliente satisfecho.<\/p>\n<h2>\n\t\t\t\u00bfNuevo proyecto? Hablemos.\t<\/h2>\n\t\t\t<a href=\"https:\/\/poppoffinc.com\/es\/contact-us\/\" target=\"_self\">\n\t\t\t\t\t\t\tCont\u00e1ctenos\n\t\t\t\t\t<\/a>\n<h3>\n\t\t\tSigue explorando nuestros servicios\t<\/h3>\n<a  id=\"concrete-flatwork\" href=\"https:\/\/poppoffinc.com\/es\/services\/concrete-flatwork\/\" target=\"_self\">\n\t<\/a>\n\t\t\t\t<img decoding=\"async\" src=\"https:\/\/poppoffinc.com\/wp-content\/uploads\/2025\/11\/icon-flatwork.svg\" alt=\"icon-flatwork\" itemprop=\"image\" height=\"61\" width=\"61\" title=\"icono-plano\" onerror=\"this.style.display='none'\" loading=\"lazy\" \/>\n<h3>\n\t\t\tTrabajos de explanaci\u00f3n de hormig\u00f3n\t<\/h3>\n<a  id=\"concrete-pumping\" href=\"https:\/\/poppoffinc.com\/es\/services\/concrete-pumping\/\" target=\"_self\">\n\t<\/a>\n\t\t\t\t<img decoding=\"async\" src=\"https:\/\/poppoffinc.com\/wp-content\/uploads\/2025\/11\/icon-concrete-pumping.svg\" alt=\"icon-concrete-pumping\" itemprop=\"image\" height=\"61\" width=\"67\" title=\"icono-bombeo-de-hormig\u00f3n\" onerror=\"this.style.display='none'\" loading=\"lazy\" \/>\n<h3>\n\t\t\tBombeo de Concreto\t<\/h3>\n<a  id=\"turnkey-concrete-services\" href=\"https:\/\/poppoffinc.com\/es\/services\/turnkey-concrete-services\/\" target=\"_self\">\n\t<\/a>\n\t\t\t\t<img decoding=\"async\" src=\"https:\/\/poppoffinc.com\/wp-content\/uploads\/2025\/11\/icon-turnkey-concrete.svg\" alt=\"icon-turnkey-concrete\" itemprop=\"image\" height=\"61\" width=\"82\" title=\"icono-llave en mano-hormig\u00f3n\" onerror=\"this.style.display='none'\" loading=\"lazy\" \/>\n<h3>\n\t\t\tServicios de hormig\u00f3n llave en mano\t<\/h3>\n<a  id=\"tilt-up-construction\" href=\"https:\/\/poppoffinc.com\/es\/services\/tilt-up-construction\/\" target=\"_self\">\n\t<\/a>\n\t\t\t\t<img decoding=\"async\" src=\"https:\/\/poppoffinc.com\/wp-content\/uploads\/2025\/11\/icon-tilt-up.svg\" alt=\"icon-tilt-up\" itemprop=\"image\" height=\"61\" width=\"61\" title=\"icono inclinado hacia arriba\" onerror=\"this.style.display='none'\" loading=\"lazy\" \/>\n<h3>\n\t\t\tConstrucci\u00f3n Tilt-Up\t<\/h3>","protected":false},"excerpt":{"rendered":"<p>Concrete Curbing &#038; Specialty Work Our precision curbing machine and in-house surveying capabilities produce clean, consistent results that fit seamlessly into your project. Contact Us No matter how complex or creative the project, we&#8217;re equipped to handle it. Whether it&#8217;s standard curbs for parking lots and roadways or decorative curbs for landscaping and site design, [&hellip;]<\/p>\n","protected":false},"author":1,"featured_media":10325,"parent":14,"menu_order":0,"comment_status":"closed","ping_status":"closed","template":"","meta":{"_genesis_hide_title":false,"_genesis_hide_breadcrumbs":false,"_genesis_hide_singular_image":false,"_genesis_hide_footer_widgets":false,"_genesis_custom_body_class":"","_genesis_custom_post_class":"","_genesis_layout":"","footnotes":""},"class_list":{"0":"post-10227","1":"page","2":"type-page","3":"status-publish","4":"has-post-thumbnail","6":"entry"},"_links":{"self":[{"href":"https:\/\/poppoffinc.com\/es\/wp-json\/wp\/v2\/pages\/10227","targetHints":{"allow":["GET"]}}],"collection":[{"href":"https:\/\/poppoffinc.com\/es\/wp-json\/wp\/v2\/pages"}],"about":[{"href":"https:\/\/poppoffinc.com\/es\/wp-json\/wp\/v2\/types\/page"}],"author":[{"embeddable":true,"href":"https:\/\/poppoffinc.com\/es\/wp-json\/wp\/v2\/users\/1"}],"replies":[{"embeddable":true,"href":"https:\/\/poppoffinc.com\/es\/wp-json\/wp\/v2\/comments?post=10227"}],"version-history":[{"count":2,"href":"https:\/\/poppoffinc.com\/es\/wp-json\/wp\/v2\/pages\/10227\/revisions"}],"predecessor-version":[{"id":10565,"href":"https:\/\/poppoffinc.com\/es\/wp-json\/wp\/v2\/pages\/10227\/revisions\/10565"}],"up":[{"embeddable":true,"href":"https:\/\/poppoffinc.com\/es\/wp-json\/wp\/v2\/pages\/14"}],"wp:featuredmedia":[{"embeddable":true,"href":"https:\/\/poppoffinc.com\/es\/wp-json\/wp\/v2\/media\/10325"}],"wp:attachment":[{"href":"https:\/\/poppoffinc.com\/es\/wp-json\/wp\/v2\/media?parent=10227"}],"curies":[{"name":"gracias","href":"https:\/\/api.w.org\/{rel}","templated":true}]}}