{"id":10225,"date":"2025-11-10T13:15:15","date_gmt":"2025-11-10T21:15:15","guid":{"rendered":"https:\/\/poppoffinc.com\/?page_id=10225"},"modified":"2025-11-17T09:19:05","modified_gmt":"2025-11-17T17:19:05","slug":"tilt-up-construction","status":"publish","type":"page","link":"https:\/\/poppoffinc.com\/es\/services\/tilt-up-construction\/","title":{"rendered":"Construcci\u00f3n Tilt-Up"},"content":{"rendered":"<h1>\n\t\t\tConstrucci\u00f3n Tilt-Up\t<\/h1>\n\t<p>Desde el dise\u00f1o de losas de hormig\u00f3n hasta el encofrado de precisi\u00f3n, tenemos la experiencia necesaria para formar, verter y levantar paneles de cualquier tama\u00f1o.<\/p>\n\t\t\t<a href=\"https:\/\/poppoffinc.com\/es\/contact-us\/\" target=\"_self\">\n\t\t\t\t\t\t\tCont\u00e1ctenos\n\t\t\t\t\t<\/a>\n<h2>\n\t\t\tLa construcci\u00f3n tilt-up es una de las formas m\u00e1s consistentes de construir estructuras de hormig\u00f3n a gran escala.\t<\/h2>\n\t<p>Hemos completado proyectos de tilt-up para instalaciones industriales, almacenes y centros de distribuci\u00f3n en toda la regi\u00f3n del Pac\u00edfico Noroeste. Cada proyecto demuestra nuestra capacidad para entregar paneles que cumplen con estrictos requisitos estructurales, manteniendo acabados uniformes y l\u00edneas arquitect\u00f3nicas impecables.<\/p>\n<p>A medida que nuestra regi\u00f3n contin\u00faa creciendo y respaldando aplicaciones agr\u00edcolas, manufactureras, industriales y comerciales cruciales, estamos listos para ayudarlo a construir sus instalaciones con un equipo calificado, equipos internos y d\u00e9cadas de experiencia. <\/p>\n<h2>\n\t\t\tNuestros proyectos hablan por s\u00ed mismos.\t<\/h2>\n\t\t\t<a href=\"https:\/\/poppoffinc.com\/es\/projects\/\" target=\"_self\">\n\t\t\t\t\t\t\tExplorar proyectos\n\t\t\t\t\t<\/a>\n<h2>\n\t\t\t\u00bfPor qu\u00e9 Poppoff?\t<\/h2>\n<h3>\n\t\t\tNuestra cultura de seguridad\t<\/h3>\n\t<p>Nuestro programa de seguridad es mucho m\u00e1s que recordarles a todos que trabajen con seguridad. Hemos creado una cultura de responsabilidad donde todos nos cuidamos mutuamente, manteniendo los m\u00e1s altos est\u00e1ndares de seguridad.<\/p>\n<h3>\n\t\t\tNuestra cultura del conocimiento\t<\/h3>\n\t<p>La colocaci\u00f3n y acabado del hormig\u00f3n con un alto nivel es un arte, y nuestra gente se esfuerza constantemente por ser los mejores artesanos de la industria. Estamos enfocados en el trabajo con l\u00e1ser para que podamos hacerlo bien la primera vez, siempre.<\/p>\n<h3>\n\t\t\tNuestra cultura familiar\t<\/h3>\n\t<p>Manejamos nuestro trabajo de manera profesional: nuestra gente se trata como una familia y siempre nos apoyamos mutuamente. Llegamos a tiempo, hacemos bien el trabajo y nos divertimos haci\u00e9ndolo.<\/p>\n<h2>\n\t\t\t\u00bfNuevo proyecto? Hablemos.\t<\/h2>\n\t\t\t<a href=\"https:\/\/poppoffinc.com\/es\/contact-us\/\" target=\"_self\">\n\t\t\t\t\t\t\tCont\u00e1ctenos\n\t\t\t\t\t<\/a>\n<h3>\n\t\t\tSigue explorando nuestros servicios\t<\/h3>\n<a  id=\"concrete-flatwork\" href=\"https:\/\/poppoffinc.com\/es\/services\/concrete-flatwork\/\" target=\"_self\">\n\t<\/a>\n\t\t\t\t<img decoding=\"async\" src=\"https:\/\/poppoffinc.com\/wp-content\/uploads\/2025\/11\/icon-flatwork.svg\" alt=\"icon-flatwork\" itemprop=\"image\" height=\"61\" width=\"61\" title=\"icono-plano\" onerror=\"this.style.display='none'\" loading=\"lazy\" \/>\n<h3>\n\t\t\tTrabajos de explanaci\u00f3n de hormig\u00f3n\t<\/h3>\n<a  id=\"concrete-pumping\" href=\"https:\/\/poppoffinc.com\/es\/services\/concrete-pumping\/\" target=\"_self\">\n\t<\/a>\n\t\t\t\t<img decoding=\"async\" src=\"https:\/\/poppoffinc.com\/wp-content\/uploads\/2025\/11\/icon-concrete-pumping.svg\" alt=\"icon-concrete-pumping\" itemprop=\"image\" height=\"61\" width=\"67\" title=\"icono-bombeo-de-hormig\u00f3n\" onerror=\"this.style.display='none'\" loading=\"lazy\" \/>\n<h3>\n\t\t\tBombeo de Concreto\t<\/h3>\n<a  id=\"turnkey-concrete-services\" href=\"https:\/\/poppoffinc.com\/es\/services\/turnkey-concrete-services\/\" target=\"_self\">\n\t<\/a>\n\t\t\t\t<img decoding=\"async\" src=\"https:\/\/poppoffinc.com\/wp-content\/uploads\/2025\/11\/icon-turnkey-concrete.svg\" alt=\"icon-turnkey-concrete\" itemprop=\"image\" height=\"61\" width=\"82\" title=\"icono-llave en mano-hormig\u00f3n\" onerror=\"this.style.display='none'\" loading=\"lazy\" \/>\n<h3>\n\t\t\tServicios de hormig\u00f3n llave en mano\t<\/h3>\n<a  id=\"curbing-specialty\" href=\"https:\/\/poppoffinc.com\/es\/services\/curbing-specialty-work\/\" target=\"_self\">\n\t<\/a>\n\t\t\t\t<img decoding=\"async\" src=\"https:\/\/poppoffinc.com\/wp-content\/uploads\/2025\/11\/icon-curbing.svg\" alt=\"icon-curbing\" itemprop=\"image\" height=\"61\" width=\"44\" title=\"recorte de iconos\" onerror=\"this.style.display='none'\" loading=\"lazy\" \/>\n<h3>\n\t\t\tBordillos y trabajos especializados\t<\/h3>","protected":false},"excerpt":{"rendered":"<p>Tilt-Up Construction From concrete slab design to precise formwork, we have the expertise to form, pour, and lift panels of any size. Contact Us Tilt-up construction is one of the most consistent ways to build large-scale concrete structures. We&#8217;ve completed tilt-up projects for industrial facilities, warehouses, and distribution centers across the Pacific Northwest. Each project [&hellip;]<\/p>\n","protected":false},"author":1,"featured_media":0,"parent":14,"menu_order":3,"comment_status":"closed","ping_status":"closed","template":"","meta":{"_genesis_hide_title":false,"_genesis_hide_breadcrumbs":false,"_genesis_hide_singular_image":false,"_genesis_hide_footer_widgets":false,"_genesis_custom_body_class":"","_genesis_custom_post_class":"","_genesis_layout":"","footnotes":""},"class_list":{"0":"post-10225","1":"page","2":"type-page","3":"status-publish","5":"entry"},"_links":{"self":[{"href":"https:\/\/poppoffinc.com\/es\/wp-json\/wp\/v2\/pages\/10225","targetHints":{"allow":["GET"]}}],"collection":[{"href":"https:\/\/poppoffinc.com\/es\/wp-json\/wp\/v2\/pages"}],"about":[{"href":"https:\/\/poppoffinc.com\/es\/wp-json\/wp\/v2\/types\/page"}],"author":[{"embeddable":true,"href":"https:\/\/poppoffinc.com\/es\/wp-json\/wp\/v2\/users\/1"}],"replies":[{"embeddable":true,"href":"https:\/\/poppoffinc.com\/es\/wp-json\/wp\/v2\/comments?post=10225"}],"version-history":[{"count":4,"href":"https:\/\/poppoffinc.com\/es\/wp-json\/wp\/v2\/pages\/10225\/revisions"}],"predecessor-version":[{"id":10560,"href":"https:\/\/poppoffinc.com\/es\/wp-json\/wp\/v2\/pages\/10225\/revisions\/10560"}],"up":[{"embeddable":true,"href":"https:\/\/poppoffinc.com\/es\/wp-json\/wp\/v2\/pages\/14"}],"wp:attachment":[{"href":"https:\/\/poppoffinc.com\/es\/wp-json\/wp\/v2\/media?parent=10225"}],"curies":[{"name":"gracias","href":"https:\/\/api.w.org\/{rel}","templated":true}]}}