{"id":10223,"date":"2025-11-10T13:14:54","date_gmt":"2025-11-10T21:14:54","guid":{"rendered":"https:\/\/poppoffinc.com\/?page_id=10223"},"modified":"2025-11-17T09:13:50","modified_gmt":"2025-11-17T17:13:50","slug":"concrete-flatwork","status":"publish","type":"page","link":"https:\/\/poppoffinc.com\/es\/services\/concrete-flatwork\/","title":{"rendered":"Trabajos de explanaci\u00f3n de hormig\u00f3n"},"content":{"rendered":"<h1>\n\t\t\tTrabajos de explanaci\u00f3n de hormig\u00f3n\t<\/h1>\n\t<p>Desde losas residenciales de peque\u00f1a escala hasta extensos campus comerciales, hemos colocado y terminado miles de yardas de concreto con una consistencia inigualable.<\/p>\n\t\t\t<a href=\"https:\/\/poppoffinc.com\/es\/contact-us\/\" target=\"_self\">\n\t\t\t\t\t\t\tCont\u00e1ctenos\n\t\t\t\t\t<\/a>\n<h2>\n\t\t\tEl trabajo con hormig\u00f3n es m\u00e1s que simplemente verter hormig\u00f3n.\t<\/h2>\n<h2>\n\t\t\tEs el arte de crear superficies lisas, niveladas y duraderas que funcionar\u00e1n durante d\u00e9cadas.\t<\/h2>\n\t<p>Nuestros equipos dominan cada detalle del proceso de pavimentaci\u00f3n, desde el encofrado y el refuerzo hasta la colocaci\u00f3n, el acabado y el curado. Consideramos las condiciones del sitio, los requisitos de carga y el uso a largo plazo para ofrecer superficies resistentes al agrietamiento, que soportan un uso intensivo y mantienen su integridad con el paso del tiempo.<\/p>\n<p>Ya sea una entrada de veh\u00edculos, el piso de un almac\u00e9n, un sistema de aceras o una gran plataforma industrial, abordamos cada vertido con precisi\u00f3n y cuidado. Utilizando herramientas avanzadas y t\u00e9cnicas probadas, logramos una nivelaci\u00f3n superior y acabados que resisten entornos exigentes.<\/p>\n<h2>\n\t\t\t\u00bfPor qu\u00e9 Poppoff?\t<\/h2>\n<h3>\n\t\t\tNuestra cultura de seguridad\t<\/h3>\n\t<p>Nuestro programa de seguridad es mucho m\u00e1s que recordarles a todos que trabajen de manera segura. Hemos creado una cultura de responsabilidad en la que nuestra gente se mantiene mutuamente con los m\u00e1s altos est\u00e1ndares de seguridad.<\/p>\n<h3>\n\t\t\tNuestra cultura del conocimiento\t<\/h3>\n\t<p>La colocaci\u00f3n y acabado del hormig\u00f3n con un alto nivel es un arte, y nuestra gente se esfuerza constantemente por ser los mejores artesanos de la industria. Estamos enfocados en el trabajo con l\u00e1ser para que podamos hacerlo bien la primera vez, siempre.<\/p>\n<h3>\n\t\t\tNuestra cultura familiar\t<\/h3>\n\t<p>Manejamos nuestro trabajo de manera profesional: nuestra gente se trata como una familia y siempre nos apoyamos mutuamente. Llegamos a tiempo, hacemos bien el trabajo y nos divertimos haci\u00e9ndolo.<\/p>\n<h2>\n\t\t\tNuestros proyectos hablan por s\u00ed mismos.\t<\/h2>\n\t\t\t<a href=\"https:\/\/poppoffinc.com\/es\/projects\/\" target=\"_self\">\n\t\t\t\t\t\t\tExplorar proyectos\n\t\t\t\t\t<\/a>\n<h2>\n\t\t\t\u00bfNuevo proyecto? Hablemos.\t<\/h2>\n\t\t\t<a href=\"https:\/\/poppoffinc.com\/es\/contact-us\/\" target=\"_self\">\n\t\t\t\t\t\t\tCont\u00e1ctenos\n\t\t\t\t\t<\/a>\n<h3>\n\t\t\tSigue explorando nuestros servicios\t<\/h3>\n<a  id=\"concrete-pumping\" href=\"https:\/\/poppoffinc.com\/es\/services\/concrete-pumping\/\" target=\"_self\">\n\t<\/a>\n\t\t\t\t<img decoding=\"async\" src=\"https:\/\/poppoffinc.com\/wp-content\/uploads\/2025\/11\/icon-concrete-pumping.svg\" alt=\"icon-concrete-pumping\" itemprop=\"image\" height=\"61\" width=\"67\" title=\"icono-bombeo-de-hormig\u00f3n\" onerror=\"this.style.display='none'\" loading=\"lazy\" \/>\n<h3>\n\t\t\tBombeo de Concreto\t<\/h3>\n<a  id=\"tilt-up-construction\" href=\"https:\/\/poppoffinc.com\/es\/services\/tilt-up-construction\/\" target=\"_self\">\n\t<\/a>\n\t\t\t\t<img decoding=\"async\" src=\"https:\/\/poppoffinc.com\/wp-content\/uploads\/2025\/11\/icon-tilt-up.svg\" alt=\"icon-tilt-up\" itemprop=\"image\" height=\"61\" width=\"61\" title=\"icono inclinado hacia arriba\" onerror=\"this.style.display='none'\" loading=\"lazy\" \/>\n<h3>\n\t\t\tConstrucci\u00f3n Tilt-Up\t<\/h3>\n<a  id=\"turnkey-concrete-services\" href=\"https:\/\/poppoffinc.com\/es\/services\/turnkey-concrete-services\/\" target=\"_self\">\n\t<\/a>\n\t\t\t\t<img decoding=\"async\" src=\"https:\/\/poppoffinc.com\/wp-content\/uploads\/2025\/11\/icon-turnkey-concrete.svg\" alt=\"icon-turnkey-concrete\" itemprop=\"image\" height=\"61\" width=\"82\" title=\"icono-llave en mano-hormig\u00f3n\" onerror=\"this.style.display='none'\" loading=\"lazy\" \/>\n<h3>\n\t\t\tServicios de hormig\u00f3n llave en mano\t<\/h3>\n<a  id=\"curbing-specialty\" href=\"https:\/\/poppoffinc.com\/es\/services\/curbing-specialty-work\/\" target=\"_self\">\n\t<\/a>\n\t\t\t\t<img decoding=\"async\" src=\"https:\/\/poppoffinc.com\/wp-content\/uploads\/2025\/11\/icon-curbing.svg\" alt=\"icon-curbing\" itemprop=\"image\" height=\"61\" width=\"44\" title=\"recorte de iconos\" onerror=\"this.style.display='none'\" loading=\"lazy\" \/>\n<h3>\n\t\t\tBordillos y trabajos especializados\t<\/h3>","protected":false},"excerpt":{"rendered":"<p>Concrete Flatwork From small-scale residential slabs to sprawling commercial campuses, we&#8217;ve placed and finished thousands of yards of concrete with unmatched consistency. Contact Us Flatwork is more than just pouring concrete. It&#8217;s the craft of creating smooth, level, and durable surfaces that will perform for decades. Our crews are skilled in every detail of the [&hellip;]<\/p>\n","protected":false},"author":1,"featured_media":10272,"parent":14,"menu_order":5,"comment_status":"closed","ping_status":"closed","template":"","meta":{"_genesis_hide_title":false,"_genesis_hide_breadcrumbs":false,"_genesis_hide_singular_image":false,"_genesis_hide_footer_widgets":false,"_genesis_custom_body_class":"","_genesis_custom_post_class":"","_genesis_layout":"","footnotes":""},"class_list":{"0":"post-10223","1":"page","2":"type-page","3":"status-publish","4":"has-post-thumbnail","6":"entry"},"_links":{"self":[{"href":"https:\/\/poppoffinc.com\/es\/wp-json\/wp\/v2\/pages\/10223","targetHints":{"allow":["GET"]}}],"collection":[{"href":"https:\/\/poppoffinc.com\/es\/wp-json\/wp\/v2\/pages"}],"about":[{"href":"https:\/\/poppoffinc.com\/es\/wp-json\/wp\/v2\/types\/page"}],"author":[{"embeddable":true,"href":"https:\/\/poppoffinc.com\/es\/wp-json\/wp\/v2\/users\/1"}],"replies":[{"embeddable":true,"href":"https:\/\/poppoffinc.com\/es\/wp-json\/wp\/v2\/comments?post=10223"}],"version-history":[{"count":2,"href":"https:\/\/poppoffinc.com\/es\/wp-json\/wp\/v2\/pages\/10223\/revisions"}],"predecessor-version":[{"id":10555,"href":"https:\/\/poppoffinc.com\/es\/wp-json\/wp\/v2\/pages\/10223\/revisions\/10555"}],"up":[{"embeddable":true,"href":"https:\/\/poppoffinc.com\/es\/wp-json\/wp\/v2\/pages\/14"}],"wp:featuredmedia":[{"embeddable":true,"href":"https:\/\/poppoffinc.com\/es\/wp-json\/wp\/v2\/media\/10272"}],"wp:attachment":[{"href":"https:\/\/poppoffinc.com\/es\/wp-json\/wp\/v2\/media?parent=10223"}],"curies":[{"name":"gracias","href":"https:\/\/api.w.org\/{rel}","templated":true}]}}